{"id":113880,"date":"2023-05-29T23:59:22","date_gmt":"2023-05-30T03:59:22","guid":{"rendered":"https:\/\/litostroj.webivores.com\/carriere\/"},"modified":"2025-11-03T17:26:40","modified_gmt":"2025-11-03T21:26:40","slug":"carriere","status":"publish","type":"page","link":"https:\/\/litostrojhydro.ca\/fr\/carriere\/","title":{"rendered":"Carri\u00e8re"},"content":{"rendered":"<p>[vc_row row_height_percent=\u00a0\u00bb0&Prime; override_padding=\u00a0\u00bbyes\u00a0\u00bb h_padding=\u00a0\u00bb2&Prime; top_padding=\u00a0\u00bb4&Prime; bottom_padding=\u00a0\u00bb4&Prime; overlay_alpha=\u00a0\u00bb50&Prime; gutter_size=\u00a0\u00bb3&Prime; column_width_percent=\u00a0\u00bb100&Prime; shift_y=\u00a0\u00bb0&Prime; z_index=\u00a0\u00bb0&Prime; uncode_shortcode_id=\u00a0\u00bb283474&Prime;][vc_column column_width_percent=\u00a0\u00bb100&Prime; align_horizontal=\u00a0\u00bbalign_center\u00a0\u00bb gutter_size=\u00a0\u00bb2&Prime; overlay_alpha=\u00a0\u00bb50&Prime; shift_x=\u00a0\u00bb0&Prime; shift_y=\u00a0\u00bb0&Prime; shift_y_down=\u00a0\u00bb0&Prime; z_index=\u00a0\u00bb0&Prime; medium_width=\u00a0\u00bb0&Prime; mobile_width=\u00a0\u00bb0&Prime; width=\u00a0\u00bb1\/1&Prime; uncode_shortcode_id=\u00a0\u00bb365044&Prime;][vc_custom_heading text_color=\u00a0\u00bbcolor-113670&Prime; heading_semantic=\u00a0\u00bbh6&Prime; text_size=\u00a0\u00bbh6&Prime; text_transform=\u00a0\u00bbuppercase\u00a0\u00bb text_space=\u00a0\u00bbfontspace-210350&Prime; css_animation=\u00a0\u00bbbottom-t-top\u00a0\u00bb uncode_shortcode_id=\u00a0\u00bb426936&Prime; text_color_type=\u00a0\u00bbuncode-palette\u00a0\u00bb]PR\u00c9SENTATION[\/vc_custom_heading][vc_custom_heading text_color=\u00a0\u00bbcolor-355274&Prime; heading_semantic=\u00a0\u00bbh1&Prime; text_transform=\u00a0\u00bbuppercase\u00a0\u00bb text_space=\u00a0\u00bbfontspace-119070&Prime; separator=\u00a0\u00bbyes\u00a0\u00bb separator_color=\u00a0\u00bbyes\u00a0\u00bb css_animation=\u00a0\u00bbbottom-t-top\u00a0\u00bb animation_delay=\u00a0\u00bb100&Prime; uncode_shortcode_id=\u00a0\u00bb147004&Prime; text_color_type=\u00a0\u00bbuncode-palette\u00a0\u00bb]<strong>CARRI\u00c8RE<br \/>\n<\/strong>REJOINDRE L&rsquo;\u00c9QUIPE[\/vc_custom_heading][vc_empty_space empty_h=\u00a0\u00bb1&Prime;][vc_row_inner][vc_column_inner column_width_use_pixel=\u00a0\u00bbyes\u00a0\u00bb align_horizontal=\u00a0\u00bbalign_center\u00a0\u00bb gutter_size=\u00a0\u00bb3&Prime; overlay_alpha=\u00a0\u00bb50&Prime; shift_x=\u00a0\u00bb0&Prime; shift_y=\u00a0\u00bb0&Prime; shift_y_down=\u00a0\u00bb0&Prime; z_index=\u00a0\u00bb0&Prime; medium_width=\u00a0\u00bb0&Prime; mobile_width=\u00a0\u00bb0&Prime; width=\u00a0\u00bb1\/1&Prime; uncode_shortcode_id=\u00a0\u00bb204831&Prime; column_width_pixel=\u00a0\u00bb900&Prime;][vc_column_text css_animation=\u00a0\u00bbbottom-t-top\u00a0\u00bb animation_delay=\u00a0\u00bb200&Prime; uncode_shortcode_id=\u00a0\u00bb114130&Prime;]<strong>Parce que chaque projet est unique, chaque professionnel qui travaille pour nous l&rsquo;est aussi !<\/strong><\/p>\n<p>Notre travail se distingue par la flexibilit\u00e9 de nos \u00e9quipes. Travailler chez Litostroj Hydro, c&rsquo;est b\u00e9n\u00e9ficier de tout un bagage de savoir-faire, de connaissances et de talents, en plus d&rsquo;\u00e9voluer dans un environnement de travail unique qui valorise la participation de toutes les parties prenantes.[\/vc_column_text][\/vc_column_inner][\/vc_row_inner][vc_empty_space empty_h=\u00a0\u00bb2&Prime;][uncode_index el_id=\u00a0\u00bbindex-career\u00a0\u00bb loop=\u00a0\u00bbsize:All|order_by:date|order:DESC|post_type:post|categories:18|taxonomy_count:10&Prime; screen_lg=\u00a0\u00bb700&Prime; screen_md=\u00a0\u00bb600&Prime; screen_sm=\u00a0\u00bb480&Prime; gutter_size=\u00a0\u00bb2&Prime; post_items=\u00a0\u00bbmedia|featured|onpost|poster,title\u00a0\u00bb portfolio_items=\u00a0\u00bbtitle,media|featured|onpost|original\u00a0\u00bb single_text=\u00a0\u00bboverlay\u00a0\u00bb images_size=\u00a0\u00bbthree-two\u00a0\u00bb single_shape=\u00a0\u00bbround\u00a0\u00bb radius=\u00a0\u00bblg\u00a0\u00bb single_overlay_color=\u00a0\u00bbcolor-wayh\u00a0\u00bb single_overlay_coloration=\u00a0\u00bbbottom_gradient\u00a0\u00bb single_overlay_opacity=\u00a0\u00bb85&Prime; single_overlay_visible=\u00a0\u00bbyes\u00a0\u00bb single_text_visible=\u00a0\u00bbyes\u00a0\u00bb single_text_anim=\u00a0\u00bbno\u00a0\u00bb single_image_magnetic=\u00a0\u00bbyes\u00a0\u00bb single_h_align=\u00a0\u00bbcenter\u00a0\u00bb single_h_align_mobile=\u00a0\u00bbcenter\u00a0\u00bb single_v_position=\u00a0\u00bbbottom\u00a0\u00bb single_padding=\u00a0\u00bb2&Prime; single_title_dimension=\u00a0\u00bbh3&Prime; single_title_weight=\u00a0\u00bb700&Prime; single_title_space=\u00a0\u00bbfontspace-119070&Prime; single_border=\u00a0\u00bbyes\u00a0\u00bb uncode_shortcode_id=\u00a0\u00bb559286&Prime;][vc_row_inner row_inner_height_percent=\u00a0\u00bb0&Prime; overlay_alpha=\u00a0\u00bb50&Prime; gutter_size=\u00a0\u00bb3&Prime; shift_y=\u00a0\u00bb0&Prime; z_index=\u00a0\u00bb0&Prime; uncode_shortcode_id=\u00a0\u00bb198120&Prime;][vc_column_inner column_width_use_pixel=\u00a0\u00bbyes\u00a0\u00bb align_horizontal=\u00a0\u00bbalign_center\u00a0\u00bb gutter_size=\u00a0\u00bb3&Prime; overlay_alpha=\u00a0\u00bb50&Prime; shift_x=\u00a0\u00bb0&Prime; shift_y=\u00a0\u00bb0&Prime; shift_y_down=\u00a0\u00bb0&Prime; z_index=\u00a0\u00bb0&Prime; medium_width=\u00a0\u00bb7&Prime; mobile_width=\u00a0\u00bb0&Prime; width=\u00a0\u00bb1\/1&Prime; uncode_shortcode_id=\u00a0\u00bb570008&Prime; column_width_pixel=\u00a0\u00bb800&Prime;][\/vc_column_inner][\/vc_row_inner][\/vc_column][\/vc_row][vc_row row_height_percent=\u00a0\u00bb0&Prime; override_padding=\u00a0\u00bbyes\u00a0\u00bb h_padding=\u00a0\u00bb2&Prime; top_padding=\u00a0\u00bb0&Prime; bottom_padding=\u00a0\u00bb4&Prime; overlay_alpha=\u00a0\u00bb50&Prime; gutter_size=\u00a0\u00bb3&Prime; column_width_percent=\u00a0\u00bb100&Prime; shift_y=\u00a0\u00bb0&Prime; z_index=\u00a0\u00bb0&Prime; uncode_shortcode_id=\u00a0\u00bb890564&Prime;][vc_column column_width_percent=\u00a0\u00bb100&Prime; position_vertical=\u00a0\u00bbmiddle\u00a0\u00bb align_horizontal=\u00a0\u00bbalign_center\u00a0\u00bb gutter_size=\u00a0\u00bb3&Prime; overlay_alpha=\u00a0\u00bb50&Prime; shift_x=\u00a0\u00bb0&Prime; shift_y=\u00a0\u00bb0&Prime; shift_y_down=\u00a0\u00bb0&Prime; z_index=\u00a0\u00bb0&Prime; medium_width=\u00a0\u00bb0&Prime; mobile_width=\u00a0\u00bb0&Prime; width=\u00a0\u00bb1\/1&Prime; uncode_shortcode_id=\u00a0\u00bb465840&Prime;][vc_button button_color=\u00a0\u00bbaccent\u00a0\u00bb size=\u00a0\u00bbbtn-lg\u00a0\u00bb border_width=\u00a0\u00bb0&Prime; icon_position=\u00a0\u00bbright\u00a0\u00bb link=\u00a0\u00bburl:https%3A%2F%2Flitostrojhydro.ca%2Ffr%2Fcontact%2F|title:Contact|\u00a0\u00bb button_color_type=\u00a0\u00bbuncode-palette\u00a0\u00bb uncode_shortcode_id=\u00a0\u00bb967462&Prime; icon=\u00a0\u00bbfa fa-arrow-right-thick\u00a0\u00bb]Contact[\/vc_button][\/vc_column][\/vc_row]<\/p>\n","protected":false},"excerpt":{"rendered":"<p>[vc_row row_height_percent=\u00a0\u00bb0&Prime; override_padding=\u00a0\u00bbyes\u00a0\u00bb h_padding=\u00a0\u00bb2&Prime; top_padding=\u00a0\u00bb4&Prime; bottom_padding=\u00a0\u00bb4&Prime; overlay_alpha=\u00a0\u00bb50&Prime; gutter_size=\u00a0\u00bb3&Prime; column_width_percent=\u00a0\u00bb100&Prime; shift_y=\u00a0\u00bb0&Prime; z_index=\u00a0\u00bb0&Prime; uncode_shortcode_id=\u00a0\u00bb283474&Prime;][vc_column column_width_percent=\u00a0\u00bb100&Prime; align_horizontal=\u00a0\u00bbalign_center\u00a0\u00bb gutter_size=\u00a0\u00bb2&Prime; overlay_alpha=\u00a0\u00bb50&Prime; shift_x=\u00a0\u00bb0&Prime; shift_y=\u00a0\u00bb0&Prime; shift_y_down=\u00a0\u00bb0&Prime; z_index=\u00a0\u00bb0&Prime; [&hellip;]<\/p>\n","protected":false},"author":5,"featured_media":0,"parent":0,"menu_order":0,"comment_status":"closed","ping_status":"closed","template":"","meta":{"footnotes":""},"class_list":["post-113880","page","type-page","status-publish","hentry"],"yoast_head":"<!-- This site is optimized with the Yoast SEO plugin v24.2 - https:\/\/yoast.com\/wordpress\/plugins\/seo\/ -->\n<title>Carri\u00e8re - Litostroj Hydro | Hydro Power<\/title>\n<meta name=\"description\" content=\"Rejoignez l&#039;\u00e9quipe Explorez une carri\u00e8re \u00e9panouissante chez Litostroj Hydro, une filiale du groupe Litostroj, et faites partie de notre main-d&#039;\u0153uvre dynamique !\" \/>\n<meta name=\"robots\" content=\"index, follow, max-snippet:-1, max-image-preview:large, max-video-preview:-1\" \/>\n<link rel=\"canonical\" href=\"https:\/\/litostrojhydro.ca\/fr\/carriere\/\" \/>\n<meta property=\"og:locale\" content=\"fr_FR\" \/>\n<meta property=\"og:type\" content=\"article\" \/>\n<meta property=\"og:title\" content=\"Carri\u00e8re - Litostroj Hydro | Hydro Power\" \/>\n<meta property=\"og:description\" content=\"Rejoignez l&#039;\u00e9quipe Explorez une carri\u00e8re \u00e9panouissante chez Litostroj Hydro, une filiale du groupe Litostroj, et faites partie de notre main-d&#039;\u0153uvre dynamique !\" \/>\n<meta property=\"og:url\" content=\"https:\/\/litostrojhydro.ca\/fr\/carriere\/\" \/>\n<meta property=\"og:site_name\" content=\"Litostroj Hydro | Hydro Power\" \/>\n<meta property=\"article:modified_time\" content=\"2025-11-03T21:26:40+00:00\" \/>\n<meta property=\"og:image\" content=\"https:\/\/litostrojhydro.ca\/wp-content\/uploads\/2023\/05\/litostroj-hydro.jpg\" \/>\n\t<meta property=\"og:image:width\" content=\"1200\" \/>\n\t<meta property=\"og:image:height\" content=\"675\" \/>\n\t<meta property=\"og:image:type\" content=\"image\/jpeg\" \/>\n<meta name=\"twitter:card\" content=\"summary_large_image\" \/>\n<meta name=\"twitter:label1\" content=\"Dur\u00e9e de lecture estim\u00e9e\" \/>\n\t<meta name=\"twitter:data1\" content=\"1 minute\" \/>\n<script type=\"application\/ld+json\" class=\"yoast-schema-graph\">{\"@context\":\"https:\/\/schema.org\",\"@graph\":[{\"@type\":\"WebPage\",\"@id\":\"https:\/\/litostrojhydro.ca\/fr\/carriere\/\",\"url\":\"https:\/\/litostrojhydro.ca\/fr\/carriere\/\",\"name\":\"Carri\u00e8re - Litostroj Hydro | Hydro Power\",\"isPartOf\":{\"@id\":\"https:\/\/litostrojhydro.ca\/fr\/#website\"},\"datePublished\":\"2023-05-30T03:59:22+00:00\",\"dateModified\":\"2025-11-03T21:26:40+00:00\",\"description\":\"Rejoignez l'\u00e9quipe Explorez une carri\u00e8re \u00e9panouissante chez Litostroj Hydro, une filiale du groupe Litostroj, et faites partie de notre main-d'\u0153uvre dynamique !\",\"breadcrumb\":{\"@id\":\"https:\/\/litostrojhydro.ca\/fr\/carriere\/#breadcrumb\"},\"inLanguage\":\"fr-FR\",\"potentialAction\":[{\"@type\":\"ReadAction\",\"target\":[\"https:\/\/litostrojhydro.ca\/fr\/carriere\/\"]}]},{\"@type\":\"BreadcrumbList\",\"@id\":\"https:\/\/litostrojhydro.ca\/fr\/carriere\/#breadcrumb\",\"itemListElement\":[{\"@type\":\"ListItem\",\"position\":1,\"name\":\"Home\",\"item\":\"https:\/\/litostrojhydro.ca\/fr\/\"},{\"@type\":\"ListItem\",\"position\":2,\"name\":\"Carri\u00e8re\"}]},{\"@type\":\"WebSite\",\"@id\":\"https:\/\/litostrojhydro.ca\/fr\/#website\",\"url\":\"https:\/\/litostrojhydro.ca\/fr\/\",\"name\":\"Litostroj Hydro | Hydro Power\",\"description\":\"\",\"publisher\":{\"@id\":\"https:\/\/litostrojhydro.ca\/fr\/#organization\"},\"potentialAction\":[{\"@type\":\"SearchAction\",\"target\":{\"@type\":\"EntryPoint\",\"urlTemplate\":\"https:\/\/litostrojhydro.ca\/fr\/?s={search_term_string}\"},\"query-input\":{\"@type\":\"PropertyValueSpecification\",\"valueRequired\":true,\"valueName\":\"search_term_string\"}}],\"inLanguage\":\"fr-FR\"},{\"@type\":\"Organization\",\"@id\":\"https:\/\/litostrojhydro.ca\/fr\/#organization\",\"name\":\"Litostroj Hydro | Hydro Power\",\"url\":\"https:\/\/litostrojhydro.ca\/fr\/\",\"logo\":{\"@type\":\"ImageObject\",\"inLanguage\":\"fr-FR\",\"@id\":\"https:\/\/litostrojhydro.ca\/fr\/#\/schema\/logo\/image\/\",\"url\":\"http:\/\/litostrojhydro.ca\/wp-content\/uploads\/2023\/05\/litostroj-hydro-logo-00.png\",\"contentUrl\":\"http:\/\/litostrojhydro.ca\/wp-content\/uploads\/2023\/05\/litostroj-hydro-logo-00.png\",\"width\":696,\"height\":696,\"caption\":\"Litostroj Hydro | Hydro Power\"},\"image\":{\"@id\":\"https:\/\/litostrojhydro.ca\/fr\/#\/schema\/logo\/image\/\"}}]}<\/script>\n<!-- \/ Yoast SEO plugin. -->","yoast_head_json":{"title":"Carri\u00e8re - Litostroj Hydro | Hydro Power","description":"Rejoignez l'\u00e9quipe Explorez une carri\u00e8re \u00e9panouissante chez Litostroj Hydro, une filiale du groupe Litostroj, et faites partie de notre main-d'\u0153uvre dynamique !","robots":{"index":"index","follow":"follow","max-snippet":"max-snippet:-1","max-image-preview":"max-image-preview:large","max-video-preview":"max-video-preview:-1"},"canonical":"https:\/\/litostrojhydro.ca\/fr\/carriere\/","og_locale":"fr_FR","og_type":"article","og_title":"Carri\u00e8re - Litostroj Hydro | Hydro Power","og_description":"Rejoignez l'\u00e9quipe Explorez une carri\u00e8re \u00e9panouissante chez Litostroj Hydro, une filiale du groupe Litostroj, et faites partie de notre main-d'\u0153uvre dynamique !","og_url":"https:\/\/litostrojhydro.ca\/fr\/carriere\/","og_site_name":"Litostroj Hydro | Hydro Power","article_modified_time":"2025-11-03T21:26:40+00:00","og_image":[{"width":1200,"height":675,"url":"https:\/\/litostrojhydro.ca\/wp-content\/uploads\/2023\/05\/litostroj-hydro.jpg","type":"image\/jpeg"}],"twitter_card":"summary_large_image","twitter_misc":{"Dur\u00e9e de lecture estim\u00e9e":"1 minute"},"schema":{"@context":"https:\/\/schema.org","@graph":[{"@type":"WebPage","@id":"https:\/\/litostrojhydro.ca\/fr\/carriere\/","url":"https:\/\/litostrojhydro.ca\/fr\/carriere\/","name":"Carri\u00e8re - Litostroj Hydro | Hydro Power","isPartOf":{"@id":"https:\/\/litostrojhydro.ca\/fr\/#website"},"datePublished":"2023-05-30T03:59:22+00:00","dateModified":"2025-11-03T21:26:40+00:00","description":"Rejoignez l'\u00e9quipe Explorez une carri\u00e8re \u00e9panouissante chez Litostroj Hydro, une filiale du groupe Litostroj, et faites partie de notre main-d'\u0153uvre dynamique !","breadcrumb":{"@id":"https:\/\/litostrojhydro.ca\/fr\/carriere\/#breadcrumb"},"inLanguage":"fr-FR","potentialAction":[{"@type":"ReadAction","target":["https:\/\/litostrojhydro.ca\/fr\/carriere\/"]}]},{"@type":"BreadcrumbList","@id":"https:\/\/litostrojhydro.ca\/fr\/carriere\/#breadcrumb","itemListElement":[{"@type":"ListItem","position":1,"name":"Home","item":"https:\/\/litostrojhydro.ca\/fr\/"},{"@type":"ListItem","position":2,"name":"Carri\u00e8re"}]},{"@type":"WebSite","@id":"https:\/\/litostrojhydro.ca\/fr\/#website","url":"https:\/\/litostrojhydro.ca\/fr\/","name":"Litostroj Hydro | Hydro Power","description":"","publisher":{"@id":"https:\/\/litostrojhydro.ca\/fr\/#organization"},"potentialAction":[{"@type":"SearchAction","target":{"@type":"EntryPoint","urlTemplate":"https:\/\/litostrojhydro.ca\/fr\/?s={search_term_string}"},"query-input":{"@type":"PropertyValueSpecification","valueRequired":true,"valueName":"search_term_string"}}],"inLanguage":"fr-FR"},{"@type":"Organization","@id":"https:\/\/litostrojhydro.ca\/fr\/#organization","name":"Litostroj Hydro | Hydro Power","url":"https:\/\/litostrojhydro.ca\/fr\/","logo":{"@type":"ImageObject","inLanguage":"fr-FR","@id":"https:\/\/litostrojhydro.ca\/fr\/#\/schema\/logo\/image\/","url":"http:\/\/litostrojhydro.ca\/wp-content\/uploads\/2023\/05\/litostroj-hydro-logo-00.png","contentUrl":"http:\/\/litostrojhydro.ca\/wp-content\/uploads\/2023\/05\/litostroj-hydro-logo-00.png","width":696,"height":696,"caption":"Litostroj Hydro | Hydro Power"},"image":{"@id":"https:\/\/litostrojhydro.ca\/fr\/#\/schema\/logo\/image\/"}}]}},"_links":{"self":[{"href":"https:\/\/litostrojhydro.ca\/fr\/wp-json\/wp\/v2\/pages\/113880","targetHints":{"allow":["GET"]}}],"collection":[{"href":"https:\/\/litostrojhydro.ca\/fr\/wp-json\/wp\/v2\/pages"}],"about":[{"href":"https:\/\/litostrojhydro.ca\/fr\/wp-json\/wp\/v2\/types\/page"}],"author":[{"embeddable":true,"href":"https:\/\/litostrojhydro.ca\/fr\/wp-json\/wp\/v2\/users\/5"}],"replies":[{"embeddable":true,"href":"https:\/\/litostrojhydro.ca\/fr\/wp-json\/wp\/v2\/comments?post=113880"}],"version-history":[{"count":54,"href":"https:\/\/litostrojhydro.ca\/fr\/wp-json\/wp\/v2\/pages\/113880\/revisions"}],"predecessor-version":[{"id":115243,"href":"https:\/\/litostrojhydro.ca\/fr\/wp-json\/wp\/v2\/pages\/113880\/revisions\/115243"}],"wp:attachment":[{"href":"https:\/\/litostrojhydro.ca\/fr\/wp-json\/wp\/v2\/media?parent=113880"}],"curies":[{"name":"wp","href":"https:\/\/api.w.org\/{rel}","templated":true}]}}