{"id":113907,"date":"2023-05-13T17:16:23","date_gmt":"2023-05-13T15:16:23","guid":{"rendered":"https:\/\/litostroj.webivores.com\/nos-principes\/"},"modified":"2023-06-07T09:34:41","modified_gmt":"2023-06-07T07:34:41","slug":"nos-principes","status":"publish","type":"page","link":"https:\/\/litostrojhydro.ca\/fr\/nos-principes\/","title":{"rendered":"Nos principes"},"content":{"rendered":"<p>[vc_row row_height_percent=\u00a0\u00bb0&Prime; override_padding=\u00a0\u00bbyes\u00a0\u00bb h_padding=\u00a0\u00bb2&Prime; top_padding=\u00a0\u00bb4&Prime; bottom_padding=\u00a0\u00bb2&Prime; overlay_alpha=\u00a0\u00bb50&Prime; gutter_size=\u00a0\u00bb3&Prime; column_width_percent=\u00a0\u00bb100&Prime; shift_y=\u00a0\u00bb0&Prime; z_index=\u00a0\u00bb0&Prime; uncode_shortcode_id=\u00a0\u00bb151732&Prime;][vc_column column_width_use_pixel=\u00a0\u00bbyes\u00a0\u00bb align_horizontal=\u00a0\u00bbalign_center\u00a0\u00bb gutter_size=\u00a0\u00bb2&Prime; overlay_alpha=\u00a0\u00bb50&Prime; shift_x=\u00a0\u00bb0&Prime; shift_y=\u00a0\u00bb0&Prime; shift_y_down=\u00a0\u00bb0&Prime; z_index=\u00a0\u00bb0&Prime; medium_width=\u00a0\u00bb0&Prime; mobile_width=\u00a0\u00bb0&Prime; width=\u00a0\u00bb1\/1&Prime; uncode_shortcode_id=\u00a0\u00bb543183&Prime; column_width_pixel=\u00a0\u00bb880&Prime;][vc_custom_heading text_color=\u00a0\u00bbcolor-113670&Prime; heading_semantic=\u00a0\u00bbh6&Prime; text_size=\u00a0\u00bbh6&Prime; text_transform=\u00a0\u00bbuppercase\u00a0\u00bb text_space=\u00a0\u00bbfontspace-210350&Prime; css_animation=\u00a0\u00bbbottom-t-top\u00a0\u00bb uncode_shortcode_id=\u00a0\u00bb125184&Prime; text_color_type=\u00a0\u00bbuncode-palette\u00a0\u00bb]PR\u00c9SENTATION[\/vc_custom_heading][vc_custom_heading text_color=\u00a0\u00bbcolor-355274&Prime; heading_semantic=\u00a0\u00bbh1&Prime; text_transform=\u00a0\u00bbuppercase\u00a0\u00bb text_space=\u00a0\u00bbfontspace-119070&Prime; separator=\u00a0\u00bbyes\u00a0\u00bb separator_color=\u00a0\u00bbyes\u00a0\u00bb css_animation=\u00a0\u00bbbottom-t-top\u00a0\u00bb animation_delay=\u00a0\u00bb100&Prime; uncode_shortcode_id=\u00a0\u00bb124669&Prime; text_color_type=\u00a0\u00bbuncode-palette\u00a0\u00bb]<strong>NOTRE APPROCHE<\/strong><br \/>\nNOS PRINCIPES[\/vc_custom_heading][\/vc_column][\/vc_row][vc_row row_height_percent=\u00a0\u00bb0&Prime; override_padding=\u00a0\u00bbyes\u00a0\u00bb h_padding=\u00a0\u00bb2&Prime; top_padding=\u00a0\u00bb2&Prime; bottom_padding=\u00a0\u00bb2&Prime; overlay_alpha=\u00a0\u00bb50&Prime; gutter_size=\u00a0\u00bb3&Prime; column_width_percent=\u00a0\u00bb100&Prime; shift_y=\u00a0\u00bb0&Prime; z_index=\u00a0\u00bb0&Prime; uncode_shortcode_id=\u00a0\u00bb202947&Prime;][vc_column column_width_percent=\u00a0\u00bb100&Prime; position_horizontal=\u00a0\u00bbleft\u00a0\u00bb gutter_size=\u00a0\u00bb3&Prime; override_padding=\u00a0\u00bbyes\u00a0\u00bb column_padding=\u00a0\u00bb2&Prime; overlay_alpha=\u00a0\u00bb50&Prime; preserve_border=\u00a0\u00bbyes\u00a0\u00bb preserve_border_tablet=\u00a0\u00bbyes\u00a0\u00bb preserve_border_mobile=\u00a0\u00bbyes\u00a0\u00bb border_color=\u00a0\u00bbcolor-gyho\u00a0\u00bb border_style=\u00a0\u00bbsolid\u00a0\u00bb shift_x=\u00a0\u00bb0&Prime; shift_y=\u00a0\u00bb0&Prime; shift_y_down=\u00a0\u00bb0&Prime; z_index=\u00a0\u00bb0&Prime; medium_width=\u00a0\u00bb0&Prime; mobile_width=\u00a0\u00bb0&Prime; css_animation=\u00a0\u00bbbottom-t-top\u00a0\u00bb animation_delay=\u00a0\u00bb100&Prime; width=\u00a0\u00bb1\/3&Prime; uncode_shortcode_id=\u00a0\u00bb101084&Prime; css=\u00a0\u00bb.vc_custom_1682879038684{border-left-width: 1px !important;}\u00a0\u00bb border_color_type=\u00a0\u00bbuncode-palette\u00a0\u00bb][vc_column_text uncode_shortcode_id=\u00a0\u00bb197148&Prime; el_class=\u00a0\u00bbfeature-number\u00a0\u00bb]01[\/vc_column_text][vc_empty_space empty_h=\u00a0\u00bb2&Prime;][vc_custom_heading text_color=\u00a0\u00bbcolor-355274&Prime; heading_semantic=\u00a0\u00bbh3&Prime; text_size=\u00a0\u00bbh3&Prime; text_transform=\u00a0\u00bbuppercase\u00a0\u00bb text_space=\u00a0\u00bbfontspace-119070&Prime; uncode_shortcode_id=\u00a0\u00bb867069&Prime; text_color_type=\u00a0\u00bbuncode-palette\u00a0\u00bb]NOTRE \u00c9QUIPE:<br \/>\n<strong>UN ACCOMPAGNEMENT EFFICACE VERS LE SUCC\u00c8S<\/strong>[\/vc_custom_heading][vc_column_text uncode_shortcode_id=\u00a0\u00bb634276&Prime;]Pour nous, la d\u00e9\ufb01nition du mot \u00ab \u00e9quipe \u00bb va bien au-del\u00e0 des murs de notre bureau. Elle inclut bien s\u00fbr nos professionnels, mais aussi nos partenaires et nos clients. Les relations que nous entretenons avec tous ces acteurs sont au centre de nos projets et c\u2019est avec passion et authenticit\u00e9 qu\u2019ensemble nous travaillons pour atteindre nos objectifs. Notre travail d\u2019\u00e9quipe est caract\u00e9ris\u00e9 par une fa\u00e7on de faire unique et ef\ufb01cace.[\/vc_column_text][vc_custom_heading text_color=\u00a0\u00bbcolor-355274&Prime; heading_semantic=\u00a0\u00bbh4&Prime; text_size=\u00a0\u00bbh5&Prime; text_weight=\u00a0\u00bb700&Prime; text_height=\u00a0\u00bbfontheight-357766&Prime; text_space=\u00a0\u00bbfontspace-119070&Prime; uncode_shortcode_id=\u00a0\u00bb192266&Prime; text_color_type=\u00a0\u00bbuncode-palette\u00a0\u00bb]Litostroj Hydro, c&rsquo;est un accompagnement orient\u00e9 vers la recherche de solution.[\/vc_custom_heading][\/vc_column][vc_column column_width_percent=\u00a0\u00bb100&Prime; position_horizontal=\u00a0\u00bbleft\u00a0\u00bb gutter_size=\u00a0\u00bb3&Prime; override_padding=\u00a0\u00bbyes\u00a0\u00bb column_padding=\u00a0\u00bb2&Prime; overlay_alpha=\u00a0\u00bb50&Prime; preserve_border=\u00a0\u00bbyes\u00a0\u00bb preserve_border_tablet=\u00a0\u00bbyes\u00a0\u00bb preserve_border_mobile=\u00a0\u00bbyes\u00a0\u00bb border_color=\u00a0\u00bbcolor-gyho\u00a0\u00bb border_style=\u00a0\u00bbsolid\u00a0\u00bb shift_x=\u00a0\u00bb0&Prime; shift_y=\u00a0\u00bb0&Prime; shift_y_down=\u00a0\u00bb0&Prime; z_index=\u00a0\u00bb0&Prime; medium_width=\u00a0\u00bb0&Prime; mobile_width=\u00a0\u00bb0&Prime; css_animation=\u00a0\u00bbbottom-t-top\u00a0\u00bb animation_delay=\u00a0\u00bb200&Prime; width=\u00a0\u00bb1\/3&Prime; uncode_shortcode_id=\u00a0\u00bb130156&Prime; css=\u00a0\u00bb.vc_custom_1683991402434{border-left-width: 1px !important;}\u00a0\u00bb border_color_type=\u00a0\u00bbuncode-palette\u00a0\u00bb el_class=\u00a0\u00bbmiddle-teaser\u00a0\u00bb][vc_column_text uncode_shortcode_id=\u00a0\u00bb205076&Prime; el_class=\u00a0\u00bbfeature-number\u00a0\u00bb]02[\/vc_column_text][vc_empty_space empty_h=\u00a0\u00bb2&Prime;][vc_custom_heading text_color=\u00a0\u00bbcolor-355274&Prime; heading_semantic=\u00a0\u00bbh3&Prime; text_size=\u00a0\u00bbh3&Prime; text_transform=\u00a0\u00bbuppercase\u00a0\u00bb text_space=\u00a0\u00bbfontspace-119070&Prime; uncode_shortcode_id=\u00a0\u00bb112171&Prime; text_color_type=\u00a0\u00bbuncode-palette\u00a0\u00bb]NOTRE AGILIT\u00c9:<br \/>\n<strong>UNE SOLUTION PERSONNALIS\u00c9E<\/strong>[\/vc_custom_heading][vc_column_text uncode_shortcode_id=\u00a0\u00bb186780&Prime;]Parce que chaque projet est unique, chaque professionnel qui travaille chez nous l\u2019est \u00e9galement. Faire affaire avec nous, c\u2019est b\u00e9n\u00e9ficier de tout un bagage de savoir-faire, de connaissances et de talents, en plus d\u2019\u00e9voluer dans un environnement de travail unique qui valorise la participation de tous les acteurs. Mettant constamment \u00e0 profit leurs multiples ressources, nos professionnels s\u2019engagent \u00e0 offrir des solutions sur-mesure dont tous pourront \u00eatre fiers.[\/vc_column_text][vc_custom_heading text_color=\u00a0\u00bbcolor-355274&Prime; heading_semantic=\u00a0\u00bbh4&Prime; text_size=\u00a0\u00bbh5&Prime; text_weight=\u00a0\u00bb700&Prime; text_height=\u00a0\u00bbfontheight-357766&Prime; text_space=\u00a0\u00bbfontspace-119070&Prime; uncode_shortcode_id=\u00a0\u00bb985761&Prime; text_color_type=\u00a0\u00bbuncode-palette\u00a0\u00bb]Litostroj Hydro, c&rsquo;est un accompagnement personnalis\u00e9 \u00e0 la hauteur de vos attentes.[\/vc_custom_heading][vc_separator sep_color=\u00a0\u00bbcolor-355274&Prime; uncode_shortcode_id=\u00a0\u00bb108270&Prime; sep_color_type=\u00a0\u00bbuncode-palette\u00a0\u00bb el_height=\u00a0\u00bb2px\u00a0\u00bb][uncode_list icon=\u00a0\u00bbfa fa-square-check\u00a0\u00bb icon_color=\u00a0\u00bbcolor-113670&Prime; uncode_shortcode_id=\u00a0\u00bb107232&Prime; icon_color_type=\u00a0\u00bbuncode-palette\u00a0\u00bb el_class=\u00a0\u00bbteaser-list\u00a0\u00bb]<\/p>\n<ul>\n<li>RESSOURCES LOCALES<\/li>\n<li>BUREAU LOCAL<\/li>\n<li>D\u00c9VELOPPEMENT DU PARTENARIAT LOCAL<\/li>\n<li>ATELIER DE FABRICATION<\/li>\n<li>\u00c9QUIPE DU SITE<\/li>\n<\/ul>\n<p>[\/uncode_list][\/vc_column][vc_column column_width_percent=\u00a0\u00bb100&Prime; position_horizontal=\u00a0\u00bbleft\u00a0\u00bb gutter_size=\u00a0\u00bb3&Prime; override_padding=\u00a0\u00bbyes\u00a0\u00bb column_padding=\u00a0\u00bb2&Prime; overlay_alpha=\u00a0\u00bb50&Prime; preserve_border=\u00a0\u00bbyes\u00a0\u00bb preserve_border_tablet=\u00a0\u00bbyes\u00a0\u00bb preserve_border_mobile=\u00a0\u00bbyes\u00a0\u00bb border_color=\u00a0\u00bbcolor-gyho\u00a0\u00bb border_style=\u00a0\u00bbsolid\u00a0\u00bb shift_x=\u00a0\u00bb0&Prime; shift_y=\u00a0\u00bb0&Prime; shift_y_down=\u00a0\u00bb0&Prime; z_index=\u00a0\u00bb0&Prime; medium_width=\u00a0\u00bb0&Prime; mobile_width=\u00a0\u00bb0&Prime; css_animation=\u00a0\u00bbbottom-t-top\u00a0\u00bb animation_delay=\u00a0\u00bb300&Prime; width=\u00a0\u00bb1\/3&Prime; uncode_shortcode_id=\u00a0\u00bb467781&Prime; css=\u00a0\u00bb.vc_custom_1682879061132{border-left-width: 1px !important;}\u00a0\u00bb border_color_type=\u00a0\u00bbuncode-palette\u00a0\u00bb][vc_column_text uncode_shortcode_id=\u00a0\u00bb781054&Prime; el_class=\u00a0\u00bbfeature-number\u00a0\u00bb]03[\/vc_column_text][vc_empty_space empty_h=\u00a0\u00bb2&Prime;][vc_custom_heading text_color=\u00a0\u00bbcolor-355274&Prime; heading_semantic=\u00a0\u00bbh3&Prime; text_size=\u00a0\u00bbh3&Prime; text_transform=\u00a0\u00bbuppercase\u00a0\u00bb text_space=\u00a0\u00bbfontspace-119070&Prime; uncode_shortcode_id=\u00a0\u00bb174294&Prime; text_color_type=\u00a0\u00bbuncode-palette\u00a0\u00bb]NOTRE DIFF\u00c9RENCE:<br \/>\n<strong>LA POURSUITE DE L&rsquo;EXCELLENCE<\/strong>[\/vc_custom_heading][vc_column_text uncode_shortcode_id=\u00a0\u00bb934926&Prime;]Notre pratique est un savant m\u00e9lange de performance, d\u2019implication et d\u2019audace tributaire d\u2019un mod\u00e8le d\u2019affaires unique qui nous permet de penser hors des sentiers battus. Orient\u00e9s vers les r\u00e9sultats, nous b\u00e9n\u00e9\ufb01cions de la mise en action des forces et des talents de chacun de nos partenaires.[\/vc_column_text][vc_custom_heading text_color=\u00a0\u00bbcolor-355274&Prime; heading_semantic=\u00a0\u00bbh4&Prime; text_size=\u00a0\u00bbh5&Prime; text_weight=\u00a0\u00bb700&Prime; text_height=\u00a0\u00bbfontheight-357766&Prime; text_space=\u00a0\u00bbfontspace-119070&Prime; uncode_shortcode_id=\u00a0\u00bb186292&Prime; text_color_type=\u00a0\u00bbuncode-palette\u00a0\u00bb]Litostroj Hydro c&rsquo;est une \u00e9quipe \u00e0 la poursuite de l&rsquo;excellence.[\/vc_custom_heading][vc_separator sep_color=\u00a0\u00bbcolor-355274&Prime; uncode_shortcode_id=\u00a0\u00bb108270&Prime; sep_color_type=\u00a0\u00bbuncode-palette\u00a0\u00bb el_height=\u00a0\u00bb2px\u00a0\u00bb][uncode_list icon=\u00a0\u00bbfa fa-square-check\u00a0\u00bb icon_color=\u00a0\u00bbcolor-113670&Prime; uncode_shortcode_id=\u00a0\u00bb832711&Prime; icon_color_type=\u00a0\u00bbuncode-palette\u00a0\u00bb el_class=\u00a0\u00bbteaser-list\u00a0\u00bb]<\/p>\n<ul>\n<li>GESTION D\u00c9DI\u00c9E AUX CLIENTS<\/li>\n<li>COMMUNICATION ET TRANSPARENCE AVEC NOS CLIENTS ATELIER DE FABRICATION<\/li>\n<\/ul>\n<p>[\/uncode_list][\/vc_column][\/vc_row][vc_row row_height_percent=\u00a0\u00bb0&Prime; override_padding=\u00a0\u00bbyes\u00a0\u00bb h_padding=\u00a0\u00bb2&Prime; top_padding=\u00a0\u00bb2&Prime; bottom_padding=\u00a0\u00bb4&Prime; overlay_alpha=\u00a0\u00bb50&Prime; gutter_size=\u00a0\u00bb3&Prime; column_width_percent=\u00a0\u00bb100&Prime; shift_y=\u00a0\u00bb0&Prime; z_index=\u00a0\u00bb0&Prime; uncode_shortcode_id=\u00a0\u00bb159020&Prime; shape_dividers=\u00a0\u00bb\u00a0\u00bb][vc_column column_width_percent=\u00a0\u00bb100&Prime; position_vertical=\u00a0\u00bbmiddle\u00a0\u00bb align_horizontal=\u00a0\u00bbalign_center\u00a0\u00bb gutter_size=\u00a0\u00bb3&Prime; overlay_alpha=\u00a0\u00bb50&Prime; shift_x=\u00a0\u00bb0&Prime; shift_y=\u00a0\u00bb0&Prime; shift_y_down=\u00a0\u00bb0&Prime; z_index=\u00a0\u00bb0&Prime; medium_width=\u00a0\u00bb0&Prime; mobile_width=\u00a0\u00bb0&Prime; width=\u00a0\u00bb1\/1&Prime; uncode_shortcode_id=\u00a0\u00bb465840&Prime;][vc_button button_color=\u00a0\u00bbaccent\u00a0\u00bb size=\u00a0\u00bbbtn-lg\u00a0\u00bb border_width=\u00a0\u00bb0&Prime; icon_position=\u00a0\u00bbright\u00a0\u00bb link=\u00a0\u00bburl:https%3A%2F%2Flitostroj.webivores.com%2Ffr%2Fnotre-equipe%2F|title:Notre%20%C3%A9quipe|\u00a0\u00bb button_color_type=\u00a0\u00bbuncode-palette\u00a0\u00bb uncode_shortcode_id=\u00a0\u00bb206985&Prime; icon=\u00a0\u00bbfa fa-arrow-right-thick\u00a0\u00bb]Notre \u00e9quipe[\/vc_button][\/vc_column][\/vc_row]<\/p>\n","protected":false},"excerpt":{"rendered":"<p>[vc_row row_height_percent=\u00a0\u00bb0&Prime; override_padding=\u00a0\u00bbyes\u00a0\u00bb h_padding=\u00a0\u00bb2&Prime; top_padding=\u00a0\u00bb4&Prime; bottom_padding=\u00a0\u00bb2&Prime; overlay_alpha=\u00a0\u00bb50&Prime; gutter_size=\u00a0\u00bb3&Prime; column_width_percent=\u00a0\u00bb100&Prime; shift_y=\u00a0\u00bb0&Prime; z_index=\u00a0\u00bb0&Prime; uncode_shortcode_id=\u00a0\u00bb151732&Prime;][vc_column column_width_use_pixel=\u00a0\u00bbyes\u00a0\u00bb align_horizontal=\u00a0\u00bbalign_center\u00a0\u00bb gutter_size=\u00a0\u00bb2&Prime; overlay_alpha=\u00a0\u00bb50&Prime; shift_x=\u00a0\u00bb0&Prime; shift_y=\u00a0\u00bb0&Prime; shift_y_down=\u00a0\u00bb0&Prime; z_index=\u00a0\u00bb0&Prime; [&hellip;]<\/p>\n","protected":false},"author":5,"featured_media":0,"parent":0,"menu_order":0,"comment_status":"closed","ping_status":"closed","template":"","meta":{"footnotes":""},"class_list":["post-113907","page","type-page","status-publish","hentry"],"yoast_head":"<!-- This site is optimized with the Yoast SEO plugin v24.2 - https:\/\/yoast.com\/wordpress\/plugins\/seo\/ -->\n<title>Nos principes - Litostroj Hydro | Hydro Power<\/title>\n<meta name=\"description\" content=\"Nous offrons des solutions personnalis\u00e9es et sommes un partenaire main dans la main orient\u00e9 vers la recherche de solutions optimales.\" \/>\n<meta name=\"robots\" content=\"index, follow, max-snippet:-1, max-image-preview:large, max-video-preview:-1\" \/>\n<link rel=\"canonical\" href=\"https:\/\/litostrojhydro.ca\/fr\/nos-principes\/\" \/>\n<meta property=\"og:locale\" content=\"fr_FR\" \/>\n<meta property=\"og:type\" content=\"article\" \/>\n<meta property=\"og:title\" content=\"Nos principes - Litostroj Hydro | Hydro Power\" \/>\n<meta property=\"og:description\" content=\"Nous offrons des solutions personnalis\u00e9es et sommes un partenaire main dans la main orient\u00e9 vers la recherche de solutions optimales.\" \/>\n<meta property=\"og:url\" content=\"https:\/\/litostrojhydro.ca\/fr\/nos-principes\/\" \/>\n<meta property=\"og:site_name\" content=\"Litostroj Hydro | Hydro Power\" \/>\n<meta property=\"article:modified_time\" content=\"2023-06-07T07:34:41+00:00\" \/>\n<meta property=\"og:image\" content=\"https:\/\/litostrojhydro.ca\/wp-content\/uploads\/2023\/05\/litostroj-hydro.jpg\" \/>\n\t<meta property=\"og:image:width\" content=\"1200\" \/>\n\t<meta property=\"og:image:height\" content=\"675\" \/>\n\t<meta property=\"og:image:type\" content=\"image\/jpeg\" \/>\n<meta name=\"twitter:card\" content=\"summary_large_image\" \/>\n<meta name=\"twitter:label1\" content=\"Dur\u00e9e de lecture estim\u00e9e\" \/>\n\t<meta name=\"twitter:data1\" content=\"3 minutes\" \/>\n<script type=\"application\/ld+json\" class=\"yoast-schema-graph\">{\"@context\":\"https:\/\/schema.org\",\"@graph\":[{\"@type\":\"WebPage\",\"@id\":\"https:\/\/litostrojhydro.ca\/fr\/nos-principes\/\",\"url\":\"https:\/\/litostrojhydro.ca\/fr\/nos-principes\/\",\"name\":\"Nos principes - Litostroj Hydro | Hydro Power\",\"isPartOf\":{\"@id\":\"https:\/\/litostrojhydro.ca\/fr\/#website\"},\"datePublished\":\"2023-05-13T15:16:23+00:00\",\"dateModified\":\"2023-06-07T07:34:41+00:00\",\"description\":\"Nous offrons des solutions personnalis\u00e9es et sommes un partenaire main dans la main orient\u00e9 vers la recherche de solutions optimales.\",\"breadcrumb\":{\"@id\":\"https:\/\/litostrojhydro.ca\/fr\/nos-principes\/#breadcrumb\"},\"inLanguage\":\"fr-FR\",\"potentialAction\":[{\"@type\":\"ReadAction\",\"target\":[\"https:\/\/litostrojhydro.ca\/fr\/nos-principes\/\"]}]},{\"@type\":\"BreadcrumbList\",\"@id\":\"https:\/\/litostrojhydro.ca\/fr\/nos-principes\/#breadcrumb\",\"itemListElement\":[{\"@type\":\"ListItem\",\"position\":1,\"name\":\"Home\",\"item\":\"https:\/\/litostrojhydro.ca\/fr\/\"},{\"@type\":\"ListItem\",\"position\":2,\"name\":\"Nos principes\"}]},{\"@type\":\"WebSite\",\"@id\":\"https:\/\/litostrojhydro.ca\/fr\/#website\",\"url\":\"https:\/\/litostrojhydro.ca\/fr\/\",\"name\":\"Litostroj Hydro | Hydro Power\",\"description\":\"\",\"publisher\":{\"@id\":\"https:\/\/litostrojhydro.ca\/fr\/#organization\"},\"potentialAction\":[{\"@type\":\"SearchAction\",\"target\":{\"@type\":\"EntryPoint\",\"urlTemplate\":\"https:\/\/litostrojhydro.ca\/fr\/?s={search_term_string}\"},\"query-input\":{\"@type\":\"PropertyValueSpecification\",\"valueRequired\":true,\"valueName\":\"search_term_string\"}}],\"inLanguage\":\"fr-FR\"},{\"@type\":\"Organization\",\"@id\":\"https:\/\/litostrojhydro.ca\/fr\/#organization\",\"name\":\"Litostroj Hydro | Hydro Power\",\"url\":\"https:\/\/litostrojhydro.ca\/fr\/\",\"logo\":{\"@type\":\"ImageObject\",\"inLanguage\":\"fr-FR\",\"@id\":\"https:\/\/litostrojhydro.ca\/fr\/#\/schema\/logo\/image\/\",\"url\":\"http:\/\/litostrojhydro.ca\/wp-content\/uploads\/2023\/05\/litostroj-hydro-logo-00.png\",\"contentUrl\":\"http:\/\/litostrojhydro.ca\/wp-content\/uploads\/2023\/05\/litostroj-hydro-logo-00.png\",\"width\":696,\"height\":696,\"caption\":\"Litostroj Hydro | Hydro Power\"},\"image\":{\"@id\":\"https:\/\/litostrojhydro.ca\/fr\/#\/schema\/logo\/image\/\"}}]}<\/script>\n<!-- \/ Yoast SEO plugin. -->","yoast_head_json":{"title":"Nos principes - Litostroj Hydro | Hydro Power","description":"Nous offrons des solutions personnalis\u00e9es et sommes un partenaire main dans la main orient\u00e9 vers la recherche de solutions optimales.","robots":{"index":"index","follow":"follow","max-snippet":"max-snippet:-1","max-image-preview":"max-image-preview:large","max-video-preview":"max-video-preview:-1"},"canonical":"https:\/\/litostrojhydro.ca\/fr\/nos-principes\/","og_locale":"fr_FR","og_type":"article","og_title":"Nos principes - Litostroj Hydro | Hydro Power","og_description":"Nous offrons des solutions personnalis\u00e9es et sommes un partenaire main dans la main orient\u00e9 vers la recherche de solutions optimales.","og_url":"https:\/\/litostrojhydro.ca\/fr\/nos-principes\/","og_site_name":"Litostroj Hydro | Hydro Power","article_modified_time":"2023-06-07T07:34:41+00:00","og_image":[{"width":1200,"height":675,"url":"https:\/\/litostrojhydro.ca\/wp-content\/uploads\/2023\/05\/litostroj-hydro.jpg","type":"image\/jpeg"}],"twitter_card":"summary_large_image","twitter_misc":{"Dur\u00e9e de lecture estim\u00e9e":"3 minutes"},"schema":{"@context":"https:\/\/schema.org","@graph":[{"@type":"WebPage","@id":"https:\/\/litostrojhydro.ca\/fr\/nos-principes\/","url":"https:\/\/litostrojhydro.ca\/fr\/nos-principes\/","name":"Nos principes - Litostroj Hydro | Hydro Power","isPartOf":{"@id":"https:\/\/litostrojhydro.ca\/fr\/#website"},"datePublished":"2023-05-13T15:16:23+00:00","dateModified":"2023-06-07T07:34:41+00:00","description":"Nous offrons des solutions personnalis\u00e9es et sommes un partenaire main dans la main orient\u00e9 vers la recherche de solutions optimales.","breadcrumb":{"@id":"https:\/\/litostrojhydro.ca\/fr\/nos-principes\/#breadcrumb"},"inLanguage":"fr-FR","potentialAction":[{"@type":"ReadAction","target":["https:\/\/litostrojhydro.ca\/fr\/nos-principes\/"]}]},{"@type":"BreadcrumbList","@id":"https:\/\/litostrojhydro.ca\/fr\/nos-principes\/#breadcrumb","itemListElement":[{"@type":"ListItem","position":1,"name":"Home","item":"https:\/\/litostrojhydro.ca\/fr\/"},{"@type":"ListItem","position":2,"name":"Nos principes"}]},{"@type":"WebSite","@id":"https:\/\/litostrojhydro.ca\/fr\/#website","url":"https:\/\/litostrojhydro.ca\/fr\/","name":"Litostroj Hydro | Hydro Power","description":"","publisher":{"@id":"https:\/\/litostrojhydro.ca\/fr\/#organization"},"potentialAction":[{"@type":"SearchAction","target":{"@type":"EntryPoint","urlTemplate":"https:\/\/litostrojhydro.ca\/fr\/?s={search_term_string}"},"query-input":{"@type":"PropertyValueSpecification","valueRequired":true,"valueName":"search_term_string"}}],"inLanguage":"fr-FR"},{"@type":"Organization","@id":"https:\/\/litostrojhydro.ca\/fr\/#organization","name":"Litostroj Hydro | Hydro Power","url":"https:\/\/litostrojhydro.ca\/fr\/","logo":{"@type":"ImageObject","inLanguage":"fr-FR","@id":"https:\/\/litostrojhydro.ca\/fr\/#\/schema\/logo\/image\/","url":"http:\/\/litostrojhydro.ca\/wp-content\/uploads\/2023\/05\/litostroj-hydro-logo-00.png","contentUrl":"http:\/\/litostrojhydro.ca\/wp-content\/uploads\/2023\/05\/litostroj-hydro-logo-00.png","width":696,"height":696,"caption":"Litostroj Hydro | Hydro Power"},"image":{"@id":"https:\/\/litostrojhydro.ca\/fr\/#\/schema\/logo\/image\/"}}]}},"_links":{"self":[{"href":"https:\/\/litostrojhydro.ca\/fr\/wp-json\/wp\/v2\/pages\/113907","targetHints":{"allow":["GET"]}}],"collection":[{"href":"https:\/\/litostrojhydro.ca\/fr\/wp-json\/wp\/v2\/pages"}],"about":[{"href":"https:\/\/litostrojhydro.ca\/fr\/wp-json\/wp\/v2\/types\/page"}],"author":[{"embeddable":true,"href":"https:\/\/litostrojhydro.ca\/fr\/wp-json\/wp\/v2\/users\/5"}],"replies":[{"embeddable":true,"href":"https:\/\/litostrojhydro.ca\/fr\/wp-json\/wp\/v2\/comments?post=113907"}],"version-history":[{"count":10,"href":"https:\/\/litostrojhydro.ca\/fr\/wp-json\/wp\/v2\/pages\/113907\/revisions"}],"predecessor-version":[{"id":114152,"href":"https:\/\/litostrojhydro.ca\/fr\/wp-json\/wp\/v2\/pages\/113907\/revisions\/114152"}],"wp:attachment":[{"href":"https:\/\/litostrojhydro.ca\/fr\/wp-json\/wp\/v2\/media?parent=113907"}],"curies":[{"name":"wp","href":"https:\/\/api.w.org\/{rel}","templated":true}]}}