{"id":113910,"date":"2023-05-13T17:33:24","date_gmt":"2023-05-13T21:33:24","guid":{"rendered":"https:\/\/litostroj.webivores.com\/notre-equipe\/"},"modified":"2026-01-13T19:42:21","modified_gmt":"2026-01-13T23:42:21","slug":"notre-equipe","status":"publish","type":"page","link":"https:\/\/litostrojhydro.ca\/fr\/notre-equipe\/","title":{"rendered":"Notre \u00e9quipe"},"content":{"rendered":"<p>[vc_row row_height_percent=\u00a0\u00bb0&Prime; override_padding=\u00a0\u00bbyes\u00a0\u00bb h_padding=\u00a0\u00bb2&Prime; top_padding=\u00a0\u00bb4&Prime; bottom_padding=\u00a0\u00bb2&Prime; overlay_alpha=\u00a0\u00bb50&Prime; gutter_size=\u00a0\u00bb3&Prime; column_width_percent=\u00a0\u00bb100&Prime; shift_y=\u00a0\u00bb0&Prime; z_index=\u00a0\u00bb0&Prime; uncode_shortcode_id=\u00a0\u00bb151732&Prime;][vc_column column_width_use_pixel=\u00a0\u00bbyes\u00a0\u00bb align_horizontal=\u00a0\u00bbalign_center\u00a0\u00bb gutter_size=\u00a0\u00bb2&Prime; overlay_alpha=\u00a0\u00bb50&Prime; shift_x=\u00a0\u00bb0&Prime; shift_y=\u00a0\u00bb0&Prime; shift_y_down=\u00a0\u00bb0&Prime; z_index=\u00a0\u00bb0&Prime; medium_width=\u00a0\u00bb0&Prime; mobile_width=\u00a0\u00bb0&Prime; width=\u00a0\u00bb1\/1&Prime; uncode_shortcode_id=\u00a0\u00bb131191&Prime; column_width_pixel=\u00a0\u00bb920&Prime;][vc_custom_heading text_color=\u00a0\u00bbcolor-113670&Prime; heading_semantic=\u00a0\u00bbh6&Prime; text_size=\u00a0\u00bbh6&Prime; text_transform=\u00a0\u00bbuppercase\u00a0\u00bb text_space=\u00a0\u00bbfontspace-210350&Prime; css_animation=\u00a0\u00bbbottom-t-top\u00a0\u00bb uncode_shortcode_id=\u00a0\u00bb125184&Prime; text_color_type=\u00a0\u00bbuncode-palette\u00a0\u00bb]PR\u00c9SENTATION[\/vc_custom_heading][vc_custom_heading text_color=\u00a0\u00bbcolor-355274&Prime; heading_semantic=\u00a0\u00bbh1&Prime; text_transform=\u00a0\u00bbuppercase\u00a0\u00bb text_space=\u00a0\u00bbfontspace-119070&Prime; separator=\u00a0\u00bbyes\u00a0\u00bb separator_color=\u00a0\u00bbyes\u00a0\u00bb css_animation=\u00a0\u00bbbottom-t-top\u00a0\u00bb animation_delay=\u00a0\u00bb100&Prime; uncode_shortcode_id=\u00a0\u00bb185940&Prime; text_color_type=\u00a0\u00bbuncode-palette\u00a0\u00bb]<strong>QUI NOUS SOMMES<\/strong><br \/>\nNOTRE \u00c9QUIPE[\/vc_custom_heading][vc_empty_space empty_h=\u00a0\u00bb1&Prime;][vc_column_text css_animation=\u00a0\u00bbbottom-t-top\u00a0\u00bb animation_delay=\u00a0\u00bb200&Prime; uncode_shortcode_id=\u00a0\u00bb153388&Prime;]Chez Litostroj Hydro, nos diff\u00e9rents acteurs attachent une importance primordiale \u00e0 la qualit\u00e9 des relations. C&rsquo;est pourquoi notre pratique est guid\u00e9e par l&rsquo;int\u00e9grit\u00e9, l&rsquo;engagement et l&rsquo;authenticit\u00e9.[\/vc_column_text][\/vc_column][\/vc_row][vc_row row_height_percent=\u00a0\u00bb0&Prime; override_padding=\u00a0\u00bbyes\u00a0\u00bb h_padding=\u00a0\u00bb2&Prime; top_padding=\u00a0\u00bb3&Prime; bottom_padding=\u00a0\u00bb0&Prime; overlay_alpha=\u00a0\u00bb50&Prime; gutter_size=\u00a0\u00bb3&Prime; column_width_percent=\u00a0\u00bb100&Prime; shift_y=\u00a0\u00bb0&Prime; z_index=\u00a0\u00bb0&Prime; uncode_shortcode_id=\u00a0\u00bb113333&Prime;][vc_column width=\u00a0\u00bb1\/1&Prime;][vc_tabs typography=\u00a0\u00bbyes\u00a0\u00bb tab_scrolling=\u00a0\u00bbyes\u00a0\u00bb][vc_tab gutter_size=\u00a0\u00bb2&Prime; column_padding=\u00a0\u00bb2&Prime; title=\u00a0\u00bbMANAGEMENT\u00a0\u00bb tab_id=\u00a0\u00bb1753004164221-0-2&Prime; slug=\u00a0\u00bbMANAGEMENT\u00a0\u00bb][uncode_index el_id=\u00a0\u00bbindex-direction\u00a0\u00bb index_type=\u00a0\u00bbcarousel\u00a0\u00bb loop=\u00a0\u00bbsize:All|order_by:menu_order|order:ASC|post_type:portfolio|tax_query:12|taxonomy_count:10&Prime; carousel_lg=\u00a0\u00bb3&Prime; carousel_md=\u00a0\u00bb2&Prime; carousel_sm=\u00a0\u00bb1&Prime; thumb_size=\u00a0\u00bbtwo-three\u00a0\u00bb gutter_size=\u00a0\u00bb3&Prime; post_items=\u00a0\u00bbmedia|featured|onpost|poster,date,title,text|excerpt|90,category|bordered|topright|hide-icon\u00a0\u00bb portfolio_items=\u00a0\u00bbmedia|featured|nolink|original,title,text|full\u00a0\u00bb carousel_interval=\u00a0\u00bb0&Prime; carousel_navspeed=\u00a0\u00bb400&Prime; carousel_overflow=\u00a0\u00bbyes\u00a0\u00bb carousel_dots=\u00a0\u00bbyes\u00a0\u00bb carousel_dots_space=\u00a0\u00bbyes\u00a0\u00bb carousel_dots_mobile=\u00a0\u00bbyes\u00a0\u00bb stage_padding=\u00a0\u00bb0&Prime; single_shape=\u00a0\u00bbround\u00a0\u00bb radius=\u00a0\u00bblg\u00a0\u00bb single_overlay_opacity=\u00a0\u00bb1&Prime; single_h_align=\u00a0\u00bbcenter\u00a0\u00bb single_padding=\u00a0\u00bb2&Prime; single_title_dimension=\u00a0\u00bbh5&Prime; single_border=\u00a0\u00bbyes\u00a0\u00bb uncode_shortcode_id=\u00a0\u00bb220636&Prime;][\/vc_tab][vc_tab gutter_size=\u00a0\u00bb2&Prime; column_padding=\u00a0\u00bb2&Prime; title=\u00a0\u00bbOP\u00c9RATIONS\u00a0\u00bb tab_id=\u00a0\u00bb1753004164260-0-8&Prime; slug=\u00a0\u00bbOPERATIONS\u00a0\u00bb][uncode_index el_id=\u00a0\u00bbindex-direction-2&Prime; index_type=\u00a0\u00bbcarousel\u00a0\u00bb loop=\u00a0\u00bbsize:All|order_by:menu_order|order:ASC|post_type:portfolio|tax_query:13|taxonomy_count:10&Prime; carousel_lg=\u00a0\u00bb3&Prime; carousel_md=\u00a0\u00bb2&Prime; carousel_sm=\u00a0\u00bb1&Prime; thumb_size=\u00a0\u00bbthree-four\u00a0\u00bb gutter_size=\u00a0\u00bb3&Prime; post_items=\u00a0\u00bbmedia|featured|onpost|poster,date,title,text|excerpt|90,category|bordered|topright|hide-icon\u00a0\u00bb portfolio_items=\u00a0\u00bbmedia|featured|nolink|original,title,text|full\u00a0\u00bb carousel_interval=\u00a0\u00bb0&Prime; carousel_navspeed=\u00a0\u00bb400&Prime; carousel_overflow=\u00a0\u00bbyes\u00a0\u00bb carousel_dots=\u00a0\u00bbyes\u00a0\u00bb carousel_dots_space=\u00a0\u00bbyes\u00a0\u00bb carousel_dots_mobile=\u00a0\u00bbyes\u00a0\u00bb stage_padding=\u00a0\u00bb0&Prime; single_shape=\u00a0\u00bbround\u00a0\u00bb radius=\u00a0\u00bblg\u00a0\u00bb single_overlay_opacity=\u00a0\u00bb1&Prime; single_h_align=\u00a0\u00bbcenter\u00a0\u00bb single_padding=\u00a0\u00bb2&Prime; single_title_dimension=\u00a0\u00bbh5&Prime; single_border=\u00a0\u00bbyes\u00a0\u00bb uncode_shortcode_id=\u00a0\u00bb137386&Prime;][\/vc_tab][vc_tab gutter_size=\u00a0\u00bb2&Prime; column_padding=\u00a0\u00bb2&Prime; title=\u00a0\u00bbING\u00c9NIERIE\u00a0\u00bb tab_id=\u00a0\u00bb1753004164301-0-8&Prime; slug=\u00a0\u00bbENGINEERING\u00a0\u00bb][uncode_index el_id=\u00a0\u00bbindex-direction-3&Prime; index_type=\u00a0\u00bbcarousel\u00a0\u00bb loop=\u00a0\u00bbsize:All|order_by:menu_order|order:ASC|post_type:portfolio|tax_query:14|taxonomy_count:10&Prime; carousel_lg=\u00a0\u00bb3&Prime; carousel_md=\u00a0\u00bb2&Prime; carousel_sm=\u00a0\u00bb1&Prime; thumb_size=\u00a0\u00bbthree-four\u00a0\u00bb gutter_size=\u00a0\u00bb3&Prime; post_items=\u00a0\u00bbmedia|featured|onpost|poster,date,title,text|excerpt|90,category|bordered|topright|hide-icon\u00a0\u00bb portfolio_items=\u00a0\u00bbmedia|featured|nolink|original,title,text|full\u00a0\u00bb carousel_interval=\u00a0\u00bb0&Prime; carousel_navspeed=\u00a0\u00bb400&Prime; carousel_overflow=\u00a0\u00bbyes\u00a0\u00bb carousel_dots=\u00a0\u00bbyes\u00a0\u00bb carousel_dots_space=\u00a0\u00bbyes\u00a0\u00bb carousel_dots_mobile=\u00a0\u00bbyes\u00a0\u00bb stage_padding=\u00a0\u00bb0&Prime; single_shape=\u00a0\u00bbround\u00a0\u00bb radius=\u00a0\u00bblg\u00a0\u00bb single_overlay_opacity=\u00a0\u00bb1&Prime; single_h_align=\u00a0\u00bbcenter\u00a0\u00bb single_padding=\u00a0\u00bb2&Prime; single_title_dimension=\u00a0\u00bbh5&Prime; single_border=\u00a0\u00bbyes\u00a0\u00bb uncode_shortcode_id=\u00a0\u00bb168887&Prime;][\/vc_tab][vc_tab gutter_size=\u00a0\u00bb2&Prime; column_padding=\u00a0\u00bb2&Prime; title=\u00a0\u00bbSERVICES CHANTIER\u00a0\u00bb tab_id=\u00a0\u00bb1753007030616-4-8&Prime; slug=\u00a0\u00bbFIELD-SERVICE\u00a0\u00bb][uncode_index el_id=\u00a0\u00bbindex-field-service\u00a0\u00bb index_type=\u00a0\u00bbcarousel\u00a0\u00bb loop=\u00a0\u00bbsize:All|order_by:menu_order|order:ASC|post_type:portfolio|tax_query:39|taxonomy_count:10&Prime; carousel_lg=\u00a0\u00bb3&Prime; carousel_md=\u00a0\u00bb2&Prime; carousel_sm=\u00a0\u00bb1&Prime; thumb_size=\u00a0\u00bbthree-four\u00a0\u00bb gutter_size=\u00a0\u00bb3&Prime; post_items=\u00a0\u00bbmedia|featured|onpost|poster,date,title,text|excerpt|90,category|bordered|topright|hide-icon\u00a0\u00bb portfolio_items=\u00a0\u00bbmedia|featured|nolink|original,title,text|full\u00a0\u00bb carousel_interval=\u00a0\u00bb0&Prime; carousel_navspeed=\u00a0\u00bb400&Prime; carousel_overflow=\u00a0\u00bbyes\u00a0\u00bb carousel_dots=\u00a0\u00bbyes\u00a0\u00bb carousel_dots_space=\u00a0\u00bbyes\u00a0\u00bb carousel_dots_mobile=\u00a0\u00bbyes\u00a0\u00bb stage_padding=\u00a0\u00bb0&Prime; single_shape=\u00a0\u00bbround\u00a0\u00bb radius=\u00a0\u00bblg\u00a0\u00bb single_overlay_opacity=\u00a0\u00bb1&Prime; single_h_align=\u00a0\u00bbcenter\u00a0\u00bb single_padding=\u00a0\u00bb2&Prime; single_title_dimension=\u00a0\u00bbh5&Prime; single_border=\u00a0\u00bbyes\u00a0\u00bb custom_order=\u00a0\u00bbyes\u00a0\u00bb uncode_shortcode_id=\u00a0\u00bb964104&Prime; order_ids=\u00a0\u00bb113361,113374,114252,114474,114521,114642,114637,114647,114651&Prime;][\/vc_tab][vc_tab gutter_size=\u00a0\u00bb2&Prime; column_padding=\u00a0\u00bb2&Prime; title=\u00a0\u00bbADMINISTRATION\u00a0\u00bb tab_id=\u00a0\u00bb1753004164350-0-0&Prime; slug=\u00a0\u00bbADMINISTRATION\u00a0\u00bb][uncode_index el_id=\u00a0\u00bbindex-direction-4&Prime; index_type=\u00a0\u00bbcarousel\u00a0\u00bb loop=\u00a0\u00bbsize:All|order_by:menu_order|order:ASC|post_type:portfolio|tax_query:15|taxonomy_count:10&Prime; carousel_lg=\u00a0\u00bb3&Prime; carousel_md=\u00a0\u00bb2&Prime; carousel_sm=\u00a0\u00bb1&Prime; thumb_size=\u00a0\u00bbthree-four\u00a0\u00bb gutter_size=\u00a0\u00bb3&Prime; post_items=\u00a0\u00bbmedia|featured|onpost|poster,date,title,text|excerpt|90,category|bordered|topright|hide-icon\u00a0\u00bb portfolio_items=\u00a0\u00bbmedia|featured|nolink|original,title,text|full\u00a0\u00bb carousel_interval=\u00a0\u00bb0&Prime; carousel_navspeed=\u00a0\u00bb400&Prime; carousel_overflow=\u00a0\u00bbyes\u00a0\u00bb carousel_dots=\u00a0\u00bbyes\u00a0\u00bb carousel_dots_space=\u00a0\u00bbyes\u00a0\u00bb carousel_dots_mobile=\u00a0\u00bbyes\u00a0\u00bb stage_padding=\u00a0\u00bb0&Prime; single_shape=\u00a0\u00bbround\u00a0\u00bb radius=\u00a0\u00bblg\u00a0\u00bb single_overlay_opacity=\u00a0\u00bb1&Prime; single_h_align=\u00a0\u00bbcenter\u00a0\u00bb single_padding=\u00a0\u00bb2&Prime; single_title_dimension=\u00a0\u00bbh5&Prime; single_border=\u00a0\u00bbyes\u00a0\u00bb uncode_shortcode_id=\u00a0\u00bb144653&Prime;][\/vc_tab][\/vc_tabs][\/vc_column][\/vc_row][vc_row row_height_percent=\u00a0\u00bb0&Prime; override_padding=\u00a0\u00bbyes\u00a0\u00bb h_padding=\u00a0\u00bb2&Prime; top_padding=\u00a0\u00bb2&Prime; bottom_padding=\u00a0\u00bb4&Prime; overlay_alpha=\u00a0\u00bb50&Prime; gutter_size=\u00a0\u00bb3&Prime; column_width_percent=\u00a0\u00bb100&Prime; shift_y=\u00a0\u00bb0&Prime; z_index=\u00a0\u00bb0&Prime; uncode_shortcode_id=\u00a0\u00bb159020&Prime;][vc_column column_width_percent=\u00a0\u00bb100&Prime; position_vertical=\u00a0\u00bbmiddle\u00a0\u00bb align_horizontal=\u00a0\u00bbalign_center\u00a0\u00bb gutter_size=\u00a0\u00bb3&Prime; overlay_alpha=\u00a0\u00bb50&Prime; shift_x=\u00a0\u00bb0&Prime; shift_y=\u00a0\u00bb0&Prime; shift_y_down=\u00a0\u00bb0&Prime; z_index=\u00a0\u00bb0&Prime; medium_width=\u00a0\u00bb0&Prime; mobile_width=\u00a0\u00bb0&Prime; width=\u00a0\u00bb1\/1&Prime; uncode_shortcode_id=\u00a0\u00bb465840&Prime;][vc_button button_color=\u00a0\u00bbaccent\u00a0\u00bb size=\u00a0\u00bbbtn-lg\u00a0\u00bb border_width=\u00a0\u00bb0&Prime; icon_position=\u00a0\u00bbright\u00a0\u00bb link=\u00a0\u00bburl:https%3A%2F%2Flitostrojhydro.ca%2Ffr%2Fnotre-histoire%2F|title:Notre%20Histoire|\u00a0\u00bb button_color_type=\u00a0\u00bbuncode-palette\u00a0\u00bb uncode_shortcode_id=\u00a0\u00bb974738&Prime; icon=\u00a0\u00bbfa fa-arrow-right-thick\u00a0\u00bb]Notre Histoire[\/vc_button][\/vc_column][\/vc_row]<\/p>\n","protected":false},"excerpt":{"rendered":"<p>[vc_row row_height_percent=\u00a0\u00bb0&Prime; override_padding=\u00a0\u00bbyes\u00a0\u00bb h_padding=\u00a0\u00bb2&Prime; top_padding=\u00a0\u00bb4&Prime; bottom_padding=\u00a0\u00bb2&Prime; overlay_alpha=\u00a0\u00bb50&Prime; gutter_size=\u00a0\u00bb3&Prime; column_width_percent=\u00a0\u00bb100&Prime; shift_y=\u00a0\u00bb0&Prime; z_index=\u00a0\u00bb0&Prime; uncode_shortcode_id=\u00a0\u00bb151732&Prime;][vc_column column_width_use_pixel=\u00a0\u00bbyes\u00a0\u00bb align_horizontal=\u00a0\u00bbalign_center\u00a0\u00bb gutter_size=\u00a0\u00bb2&Prime; overlay_alpha=\u00a0\u00bb50&Prime; shift_x=\u00a0\u00bb0&Prime; shift_y=\u00a0\u00bb0&Prime; shift_y_down=\u00a0\u00bb0&Prime; z_index=\u00a0\u00bb0&Prime; [&hellip;]<\/p>\n","protected":false},"author":5,"featured_media":0,"parent":0,"menu_order":0,"comment_status":"closed","ping_status":"closed","template":"","meta":{"footnotes":""},"class_list":["post-113910","page","type-page","status-publish","hentry"],"yoast_head":"<!-- This site is optimized with the Yoast SEO plugin v24.2 - https:\/\/yoast.com\/wordpress\/plugins\/seo\/ -->\n<title>Notre \u00e9quipe - Litostroj Hydro | Hydro Power<\/title>\n<meta name=\"description\" content=\"D\u00e9couvrez la force et l&#039;expertise de l&#039;\u00e9quipe exceptionnelle de Litostroj Hydro. Nous sommes des professionnels engag\u00e9s, passionn\u00e9s par l&#039;innovation.\" \/>\n<meta name=\"robots\" content=\"index, follow, max-snippet:-1, max-image-preview:large, max-video-preview:-1\" \/>\n<link rel=\"canonical\" href=\"https:\/\/litostrojhydro.ca\/fr\/notre-equipe\/\" \/>\n<meta property=\"og:locale\" content=\"fr_FR\" \/>\n<meta property=\"og:type\" content=\"article\" \/>\n<meta property=\"og:title\" content=\"Notre \u00e9quipe - Litostroj Hydro | Hydro Power\" \/>\n<meta property=\"og:description\" content=\"D\u00e9couvrez la force et l&#039;expertise de l&#039;\u00e9quipe exceptionnelle de Litostroj Hydro. Nous sommes des professionnels engag\u00e9s, passionn\u00e9s par l&#039;innovation.\" \/>\n<meta property=\"og:url\" content=\"https:\/\/litostrojhydro.ca\/fr\/notre-equipe\/\" \/>\n<meta property=\"og:site_name\" content=\"Litostroj Hydro | Hydro Power\" \/>\n<meta property=\"article:modified_time\" content=\"2026-01-13T23:42:21+00:00\" \/>\n<meta property=\"og:image\" content=\"https:\/\/litostrojhydro.ca\/wp-content\/uploads\/2023\/05\/litostroj-hydro.jpg\" \/>\n\t<meta property=\"og:image:width\" content=\"1200\" \/>\n\t<meta property=\"og:image:height\" content=\"675\" \/>\n\t<meta property=\"og:image:type\" content=\"image\/jpeg\" \/>\n<meta name=\"twitter:card\" content=\"summary_large_image\" \/>\n<meta name=\"twitter:label1\" content=\"Dur\u00e9e de lecture estim\u00e9e\" \/>\n\t<meta name=\"twitter:data1\" content=\"2 minutes\" \/>\n<script type=\"application\/ld+json\" class=\"yoast-schema-graph\">{\"@context\":\"https:\/\/schema.org\",\"@graph\":[{\"@type\":\"WebPage\",\"@id\":\"https:\/\/litostrojhydro.ca\/fr\/notre-equipe\/\",\"url\":\"https:\/\/litostrojhydro.ca\/fr\/notre-equipe\/\",\"name\":\"Notre \u00e9quipe - Litostroj Hydro | Hydro Power\",\"isPartOf\":{\"@id\":\"https:\/\/litostrojhydro.ca\/fr\/#website\"},\"datePublished\":\"2023-05-13T21:33:24+00:00\",\"dateModified\":\"2026-01-13T23:42:21+00:00\",\"description\":\"D\u00e9couvrez la force et l'expertise de l'\u00e9quipe exceptionnelle de Litostroj Hydro. Nous sommes des professionnels engag\u00e9s, passionn\u00e9s par l'innovation.\",\"breadcrumb\":{\"@id\":\"https:\/\/litostrojhydro.ca\/fr\/notre-equipe\/#breadcrumb\"},\"inLanguage\":\"fr-FR\",\"potentialAction\":[{\"@type\":\"ReadAction\",\"target\":[\"https:\/\/litostrojhydro.ca\/fr\/notre-equipe\/\"]}]},{\"@type\":\"BreadcrumbList\",\"@id\":\"https:\/\/litostrojhydro.ca\/fr\/notre-equipe\/#breadcrumb\",\"itemListElement\":[{\"@type\":\"ListItem\",\"position\":1,\"name\":\"Home\",\"item\":\"https:\/\/litostrojhydro.ca\/fr\/\"},{\"@type\":\"ListItem\",\"position\":2,\"name\":\"Notre \u00e9quipe\"}]},{\"@type\":\"WebSite\",\"@id\":\"https:\/\/litostrojhydro.ca\/fr\/#website\",\"url\":\"https:\/\/litostrojhydro.ca\/fr\/\",\"name\":\"Litostroj Hydro | Hydro Power\",\"description\":\"\",\"publisher\":{\"@id\":\"https:\/\/litostrojhydro.ca\/fr\/#organization\"},\"potentialAction\":[{\"@type\":\"SearchAction\",\"target\":{\"@type\":\"EntryPoint\",\"urlTemplate\":\"https:\/\/litostrojhydro.ca\/fr\/?s={search_term_string}\"},\"query-input\":{\"@type\":\"PropertyValueSpecification\",\"valueRequired\":true,\"valueName\":\"search_term_string\"}}],\"inLanguage\":\"fr-FR\"},{\"@type\":\"Organization\",\"@id\":\"https:\/\/litostrojhydro.ca\/fr\/#organization\",\"name\":\"Litostroj Hydro | Hydro Power\",\"url\":\"https:\/\/litostrojhydro.ca\/fr\/\",\"logo\":{\"@type\":\"ImageObject\",\"inLanguage\":\"fr-FR\",\"@id\":\"https:\/\/litostrojhydro.ca\/fr\/#\/schema\/logo\/image\/\",\"url\":\"http:\/\/litostrojhydro.ca\/wp-content\/uploads\/2023\/05\/litostroj-hydro-logo-00.png\",\"contentUrl\":\"http:\/\/litostrojhydro.ca\/wp-content\/uploads\/2023\/05\/litostroj-hydro-logo-00.png\",\"width\":696,\"height\":696,\"caption\":\"Litostroj Hydro | Hydro Power\"},\"image\":{\"@id\":\"https:\/\/litostrojhydro.ca\/fr\/#\/schema\/logo\/image\/\"}}]}<\/script>\n<!-- \/ Yoast SEO plugin. -->","yoast_head_json":{"title":"Notre \u00e9quipe - Litostroj Hydro | Hydro Power","description":"D\u00e9couvrez la force et l'expertise de l'\u00e9quipe exceptionnelle de Litostroj Hydro. Nous sommes des professionnels engag\u00e9s, passionn\u00e9s par l'innovation.","robots":{"index":"index","follow":"follow","max-snippet":"max-snippet:-1","max-image-preview":"max-image-preview:large","max-video-preview":"max-video-preview:-1"},"canonical":"https:\/\/litostrojhydro.ca\/fr\/notre-equipe\/","og_locale":"fr_FR","og_type":"article","og_title":"Notre \u00e9quipe - Litostroj Hydro | Hydro Power","og_description":"D\u00e9couvrez la force et l'expertise de l'\u00e9quipe exceptionnelle de Litostroj Hydro. Nous sommes des professionnels engag\u00e9s, passionn\u00e9s par l'innovation.","og_url":"https:\/\/litostrojhydro.ca\/fr\/notre-equipe\/","og_site_name":"Litostroj Hydro | Hydro Power","article_modified_time":"2026-01-13T23:42:21+00:00","og_image":[{"width":1200,"height":675,"url":"https:\/\/litostrojhydro.ca\/wp-content\/uploads\/2023\/05\/litostroj-hydro.jpg","type":"image\/jpeg"}],"twitter_card":"summary_large_image","twitter_misc":{"Dur\u00e9e de lecture estim\u00e9e":"2 minutes"},"schema":{"@context":"https:\/\/schema.org","@graph":[{"@type":"WebPage","@id":"https:\/\/litostrojhydro.ca\/fr\/notre-equipe\/","url":"https:\/\/litostrojhydro.ca\/fr\/notre-equipe\/","name":"Notre \u00e9quipe - Litostroj Hydro | Hydro Power","isPartOf":{"@id":"https:\/\/litostrojhydro.ca\/fr\/#website"},"datePublished":"2023-05-13T21:33:24+00:00","dateModified":"2026-01-13T23:42:21+00:00","description":"D\u00e9couvrez la force et l'expertise de l'\u00e9quipe exceptionnelle de Litostroj Hydro. Nous sommes des professionnels engag\u00e9s, passionn\u00e9s par l'innovation.","breadcrumb":{"@id":"https:\/\/litostrojhydro.ca\/fr\/notre-equipe\/#breadcrumb"},"inLanguage":"fr-FR","potentialAction":[{"@type":"ReadAction","target":["https:\/\/litostrojhydro.ca\/fr\/notre-equipe\/"]}]},{"@type":"BreadcrumbList","@id":"https:\/\/litostrojhydro.ca\/fr\/notre-equipe\/#breadcrumb","itemListElement":[{"@type":"ListItem","position":1,"name":"Home","item":"https:\/\/litostrojhydro.ca\/fr\/"},{"@type":"ListItem","position":2,"name":"Notre \u00e9quipe"}]},{"@type":"WebSite","@id":"https:\/\/litostrojhydro.ca\/fr\/#website","url":"https:\/\/litostrojhydro.ca\/fr\/","name":"Litostroj Hydro | Hydro Power","description":"","publisher":{"@id":"https:\/\/litostrojhydro.ca\/fr\/#organization"},"potentialAction":[{"@type":"SearchAction","target":{"@type":"EntryPoint","urlTemplate":"https:\/\/litostrojhydro.ca\/fr\/?s={search_term_string}"},"query-input":{"@type":"PropertyValueSpecification","valueRequired":true,"valueName":"search_term_string"}}],"inLanguage":"fr-FR"},{"@type":"Organization","@id":"https:\/\/litostrojhydro.ca\/fr\/#organization","name":"Litostroj Hydro | Hydro Power","url":"https:\/\/litostrojhydro.ca\/fr\/","logo":{"@type":"ImageObject","inLanguage":"fr-FR","@id":"https:\/\/litostrojhydro.ca\/fr\/#\/schema\/logo\/image\/","url":"http:\/\/litostrojhydro.ca\/wp-content\/uploads\/2023\/05\/litostroj-hydro-logo-00.png","contentUrl":"http:\/\/litostrojhydro.ca\/wp-content\/uploads\/2023\/05\/litostroj-hydro-logo-00.png","width":696,"height":696,"caption":"Litostroj Hydro | Hydro Power"},"image":{"@id":"https:\/\/litostrojhydro.ca\/fr\/#\/schema\/logo\/image\/"}}]}},"_links":{"self":[{"href":"https:\/\/litostrojhydro.ca\/fr\/wp-json\/wp\/v2\/pages\/113910","targetHints":{"allow":["GET"]}}],"collection":[{"href":"https:\/\/litostrojhydro.ca\/fr\/wp-json\/wp\/v2\/pages"}],"about":[{"href":"https:\/\/litostrojhydro.ca\/fr\/wp-json\/wp\/v2\/types\/page"}],"author":[{"embeddable":true,"href":"https:\/\/litostrojhydro.ca\/fr\/wp-json\/wp\/v2\/users\/5"}],"replies":[{"embeddable":true,"href":"https:\/\/litostrojhydro.ca\/fr\/wp-json\/wp\/v2\/comments?post=113910"}],"version-history":[{"count":44,"href":"https:\/\/litostrojhydro.ca\/fr\/wp-json\/wp\/v2\/pages\/113910\/revisions"}],"predecessor-version":[{"id":115329,"href":"https:\/\/litostrojhydro.ca\/fr\/wp-json\/wp\/v2\/pages\/113910\/revisions\/115329"}],"wp:attachment":[{"href":"https:\/\/litostrojhydro.ca\/fr\/wp-json\/wp\/v2\/media?parent=113910"}],"curies":[{"name":"wp","href":"https:\/\/api.w.org\/{rel}","templated":true}]}}