{"id":113913,"date":"2023-05-30T02:41:47","date_gmt":"2023-05-30T06:41:47","guid":{"rendered":"https:\/\/litostroj.webivores.com\/projets\/"},"modified":"2024-02-05T17:06:11","modified_gmt":"2024-02-05T21:06:11","slug":"projets","status":"publish","type":"page","link":"https:\/\/litostrojhydro.ca\/fr\/projets\/","title":{"rendered":"Projets"},"content":{"rendered":"<p>[vc_row row_height_percent=\u00a0\u00bb0&Prime; override_padding=\u00a0\u00bbyes\u00a0\u00bb h_padding=\u00a0\u00bb2&Prime; top_padding=\u00a0\u00bb4&Prime; bottom_padding=\u00a0\u00bb2&Prime; back_color=\u00a0\u00bbcolor-lxmt\u00a0\u00bb overlay_alpha=\u00a0\u00bb50&Prime; gutter_size=\u00a0\u00bb3&Prime; column_width_percent=\u00a0\u00bb100&Prime; shift_y=\u00a0\u00bb0&Prime; z_index=\u00a0\u00bb0&Prime; uncode_shortcode_id=\u00a0\u00bb201361&Prime; back_color_type=\u00a0\u00bbuncode-palette\u00a0\u00bb][vc_column column_width_use_pixel=\u00a0\u00bbyes\u00a0\u00bb align_horizontal=\u00a0\u00bbalign_center\u00a0\u00bb gutter_size=\u00a0\u00bb2&Prime; overlay_alpha=\u00a0\u00bb50&Prime; shift_x=\u00a0\u00bb0&Prime; shift_y=\u00a0\u00bb0&Prime; shift_y_down=\u00a0\u00bb0&Prime; z_index=\u00a0\u00bb0&Prime; medium_width=\u00a0\u00bb0&Prime; mobile_width=\u00a0\u00bb0&Prime; width=\u00a0\u00bb1\/1&Prime; uncode_shortcode_id=\u00a0\u00bb555404&Prime; column_width_pixel=\u00a0\u00bb710&Prime;][vc_custom_heading text_color=\u00a0\u00bbcolor-113670&Prime; heading_semantic=\u00a0\u00bbh6&Prime; text_size=\u00a0\u00bbh6&Prime; text_transform=\u00a0\u00bbuppercase\u00a0\u00bb text_space=\u00a0\u00bbfontspace-210350&Prime; css_animation=\u00a0\u00bbbottom-t-top\u00a0\u00bb uncode_shortcode_id=\u00a0\u00bb584142&Prime; text_color_type=\u00a0\u00bbuncode-palette\u00a0\u00bb]PR\u00c9SENTATION[\/vc_custom_heading][vc_custom_heading text_color=\u00a0\u00bbcolor-355274&Prime; heading_semantic=\u00a0\u00bbh1&Prime; text_transform=\u00a0\u00bbuppercase\u00a0\u00bb text_space=\u00a0\u00bbfontspace-119070&Prime; separator=\u00a0\u00bbyes\u00a0\u00bb separator_color=\u00a0\u00bbyes\u00a0\u00bb css_animation=\u00a0\u00bbbottom-t-top\u00a0\u00bb animation_delay=\u00a0\u00bb100&Prime; uncode_shortcode_id=\u00a0\u00bb163114&Prime; text_color_type=\u00a0\u00bbuncode-palette\u00a0\u00bb]<strong>DE LITOSTROJ HYDRO<\/strong><br \/>\nNOS PROJETS[\/vc_custom_heading][vc_empty_space empty_h=\u00a0\u00bb1&Prime;][vc_column_text css_animation=\u00a0\u00bbbottom-t-top\u00a0\u00bb animation_delay=\u00a0\u00bb200&Prime; uncode_shortcode_id=\u00a0\u00bb223555&Prime;]Notre \u00e9quipe se consacre non seulement \u00e0 la r\u00e9alisation du projet, mais aussi \u00e0 l&rsquo;atteinte de tous les objectifs commerciaux globaux du client.[\/vc_column_text][\/vc_column][\/vc_row][vc_row row_height_percent=\u00a0\u00bb0&Prime; override_padding=\u00a0\u00bbyes\u00a0\u00bb h_padding=\u00a0\u00bb2&Prime; top_padding=\u00a0\u00bb2&Prime; bottom_padding=\u00a0\u00bb4&Prime; back_color=\u00a0\u00bbcolor-lxmt\u00a0\u00bb overlay_alpha=\u00a0\u00bb50&Prime; gutter_size=\u00a0\u00bb3&Prime; column_width_percent=\u00a0\u00bb100&Prime; shift_y=\u00a0\u00bb0&Prime; z_index=\u00a0\u00bb0&Prime; uncode_shortcode_id=\u00a0\u00bb136604&Prime; back_color_type=\u00a0\u00bbuncode-palette\u00a0\u00bb][vc_column width=\u00a0\u00bb1\/1&Prime;][uncode_index el_id=\u00a0\u00bbindex-projects\u00a0\u00bb isotope_mode=\u00a0\u00bbfitRows\u00a0\u00bb loop=\u00a0\u00bbsize:All|order_by:date|order:DESC|post_type:post|categories:38|taxonomy_count:10&Prime; screen_lg=\u00a0\u00bb1000&Prime; screen_md=\u00a0\u00bb600&Prime; screen_sm=\u00a0\u00bb480&Prime; gutter_size=\u00a0\u00bb2&Prime; post_items=\u00a0\u00bbmedia|featured|onpost|original,title,sep-one|full,link|link|default_size\u00a0\u00bb infinite=\u00a0\u00bbyes\u00a0\u00bb infinite_button=\u00a0\u00bbicon\u00a0\u00bb single_width=\u00a0\u00bb3&Prime; images_size=\u00a0\u00bbthree-two\u00a0\u00bb single_back_color=\u00a0\u00bbcolor-xsdn\u00a0\u00bb single_shape=\u00a0\u00bbround\u00a0\u00bb radius=\u00a0\u00bblg\u00a0\u00bb single_overlay_color=\u00a0\u00bbcolor-wayh\u00a0\u00bb single_overlay_opacity=\u00a0\u00bb50&Prime; single_text_visible=\u00a0\u00bbyes\u00a0\u00bb single_text_anim=\u00a0\u00bbno\u00a0\u00bb single_padding=\u00a0\u00bb2&Prime; single_title_semantic=\u00a0\u00bbh4&Prime; single_title_dimension=\u00a0\u00bbh4&Prime; single_title_weight=\u00a0\u00bb700&Prime; single_title_transform=\u00a0\u00bbuppercase\u00a0\u00bb single_border=\u00a0\u00bbyes\u00a0\u00bb single_css_animation=\u00a0\u00bbbottom-t-top\u00a0\u00bb single_animation_delay=\u00a0\u00bb100&Prime; uncode_shortcode_id=\u00a0\u00bb778425&Prime;][\/vc_column][\/vc_row][vc_row row_height_percent=\u00a0\u00bb0&Prime; override_padding=\u00a0\u00bbyes\u00a0\u00bb h_padding=\u00a0\u00bb2&Prime; top_padding=\u00a0\u00bb4&Prime; bottom_padding=\u00a0\u00bb4&Prime; overlay_alpha=\u00a0\u00bb50&Prime; gutter_size=\u00a0\u00bb3&Prime; column_width_percent=\u00a0\u00bb100&Prime; shift_y=\u00a0\u00bb0&Prime; z_index=\u00a0\u00bb0&Prime; uncode_shortcode_id=\u00a0\u00bb197310&Prime;][vc_column column_width_percent=\u00a0\u00bb100&Prime; gutter_size=\u00a0\u00bb3&Prime; overlay_alpha=\u00a0\u00bb50&Prime; shift_x=\u00a0\u00bb0&Prime; shift_y=\u00a0\u00bb0&Prime; shift_y_down=\u00a0\u00bb0&Prime; z_index=\u00a0\u00bb0&Prime; medium_width=\u00a0\u00bb0&Prime; mobile_width=\u00a0\u00bb0&Prime; width=\u00a0\u00bb1\/1&Prime; uncode_shortcode_id=\u00a0\u00bb552739&Prime;][uncode_slider slider_interval=\u00a0\u00bb3000&Prime; slider_navspeed=\u00a0\u00bb400&Prime; slider_loop=\u00a0\u00bbyes\u00a0\u00bb slider_hide_dots=\u00a0\u00bbyes\u00a0\u00bb][vc_row_inner row_inner_height_percent=\u00a0\u00bb0&Prime; overlay_alpha=\u00a0\u00bb50&Prime; gutter_size=\u00a0\u00bb3&Prime; shift_y=\u00a0\u00bb0&Prime; z_index=\u00a0\u00bb0&Prime; uncode_shortcode_id=\u00a0\u00bb173636&Prime;][vc_column_inner column_width_use_pixel=\u00a0\u00bbyes\u00a0\u00bb align_horizontal=\u00a0\u00bbalign_center\u00a0\u00bb gutter_size=\u00a0\u00bb3&Prime; overlay_alpha=\u00a0\u00bb50&Prime; shift_x=\u00a0\u00bb0&Prime; shift_y=\u00a0\u00bb0&Prime; shift_y_down=\u00a0\u00bb0&Prime; z_index=\u00a0\u00bb0&Prime; medium_width=\u00a0\u00bb0&Prime; mobile_width=\u00a0\u00bb0&Prime; radius=\u00a0\u00bblg\u00a0\u00bb width=\u00a0\u00bb1\/1&Prime; uncode_shortcode_id=\u00a0\u00bb488594&Prime; column_width_pixel=\u00a0\u00bb850&Prime;][vc_single_image media=\u00a0\u00bb113297&Prime; media_width_use_pixel=\u00a0\u00bbyes\u00a0\u00bb alignment=\u00a0\u00bbcenter\u00a0\u00bb uncode_shortcode_id=\u00a0\u00bb900222&Prime; media_width_pixel=\u00a0\u00bb150&Prime;][vc_empty_space empty_h=\u00a0\u00bb1&Prime;][vc_column_text uncode_shortcode_id=\u00a0\u00bb430728&Prime;]\u00a0\u00bbLitostroj Hydro a \u00e9t\u00e9 un partenaire excellent et pr\u00e9cieux dans la remise \u00e0 neuf de la centrale \u00e9lectrique Hull 2 de Portage Power. Litostroj s&rsquo;est charg\u00e9 d&rsquo;un travail difficile comprenant la remise \u00e0 neuf d&rsquo;une unit\u00e9 quadruple camelback francis, d&rsquo;une unit\u00e9 kaplan et le rembobinage de deux g\u00e9n\u00e9rateurs. Le projet a \u00e9t\u00e9 compliqu\u00e9 par une inondation centennale et la pand\u00e9mie de COVID-19, mais nous avons travaill\u00e9 ensemble pour surmonter les probl\u00e8mes que ces \u00e9v\u00e9nements ont introduits. Nous avons \u00e9t\u00e9 ravis de la fa\u00e7on dont Litostroj s&rsquo;est surpass\u00e9 et a agi dans le meilleur int\u00e9r\u00eat du projet tout au long du projet.<\/p>\n<p>Je me r\u00e9jouis de travailler avec Litostroj Hydro sur de futurs projets.\u00a0\u00bb<\/p>\n<p><span class=\"testimonial-author\"><strong>JEFF YOUNG<\/strong> \u2014 P.Eng, Portage Power<\/span>[\/vc_column_text][\/vc_column_inner][\/vc_row_inner][vc_row_inner row_inner_height_percent=\u00a0\u00bb0&Prime; overlay_alpha=\u00a0\u00bb50&Prime; gutter_size=\u00a0\u00bb3&Prime; shift_y=\u00a0\u00bb0&Prime; z_index=\u00a0\u00bb0&Prime; uncode_shortcode_id=\u00a0\u00bb173636&Prime;][vc_column_inner column_width_use_pixel=\u00a0\u00bbyes\u00a0\u00bb align_horizontal=\u00a0\u00bbalign_center\u00a0\u00bb gutter_size=\u00a0\u00bb3&Prime; overlay_alpha=\u00a0\u00bb50&Prime; shift_x=\u00a0\u00bb0&Prime; shift_y=\u00a0\u00bb0&Prime; shift_y_down=\u00a0\u00bb0&Prime; z_index=\u00a0\u00bb0&Prime; medium_width=\u00a0\u00bb0&Prime; mobile_width=\u00a0\u00bb0&Prime; radius=\u00a0\u00bblg\u00a0\u00bb width=\u00a0\u00bb1\/1&Prime; uncode_shortcode_id=\u00a0\u00bb210397&Prime; column_width_pixel=\u00a0\u00bb850&Prime;][vc_single_image media=\u00a0\u00bb113297&Prime; media_width_use_pixel=\u00a0\u00bbyes\u00a0\u00bb alignment=\u00a0\u00bbcenter\u00a0\u00bb uncode_shortcode_id=\u00a0\u00bb900222&Prime; media_width_pixel=\u00a0\u00bb150&Prime;][vc_empty_space empty_h=\u00a0\u00bb1&Prime;][vc_column_text uncode_shortcode_id=\u00a0\u00bb430728&Prime;]\u00a0\u00bbLitostroj Hydro a \u00e9t\u00e9 un partenaire excellent et pr\u00e9cieux dans la remise \u00e0 neuf de la centrale \u00e9lectrique Hull 2 de Portage Power. Litostroj s&rsquo;est charg\u00e9 d&rsquo;un travail difficile comprenant la remise \u00e0 neuf d&rsquo;une unit\u00e9 quadruple camelback francis, d&rsquo;une unit\u00e9 kaplan et le rembobinage de deux g\u00e9n\u00e9rateurs. Le projet a \u00e9t\u00e9 compliqu\u00e9 par une inondation centennale et la pand\u00e9mie de COVID-19, mais nous avons travaill\u00e9 ensemble pour surmonter les probl\u00e8mes que ces \u00e9v\u00e9nements ont introduits. Nous avons \u00e9t\u00e9 ravis de la fa\u00e7on dont Litostroj s&rsquo;est surpass\u00e9 et a agi dans le meilleur int\u00e9r\u00eat du projet tout au long du projet.<\/p>\n<p>Je me r\u00e9jouis de travailler avec Litostroj Hydro sur de futurs projets.\u00a0\u00bb<\/p>\n<p><span class=\"testimonial-author\"><strong>JEFF YOUNG<\/strong> \u2014 P.Eng, Portage Power<\/span>[\/vc_column_text][\/vc_column_inner][\/vc_row_inner][vc_row_inner row_inner_height_percent=\u00a0\u00bb0&Prime; overlay_alpha=\u00a0\u00bb50&Prime; gutter_size=\u00a0\u00bb3&Prime; shift_y=\u00a0\u00bb0&Prime; z_index=\u00a0\u00bb0&Prime; uncode_shortcode_id=\u00a0\u00bb173636&Prime;][vc_column_inner column_width_use_pixel=\u00a0\u00bbyes\u00a0\u00bb align_horizontal=\u00a0\u00bbalign_center\u00a0\u00bb gutter_size=\u00a0\u00bb3&Prime; overlay_alpha=\u00a0\u00bb50&Prime; shift_x=\u00a0\u00bb0&Prime; shift_y=\u00a0\u00bb0&Prime; shift_y_down=\u00a0\u00bb0&Prime; z_index=\u00a0\u00bb0&Prime; medium_width=\u00a0\u00bb0&Prime; mobile_width=\u00a0\u00bb0&Prime; radius=\u00a0\u00bblg\u00a0\u00bb width=\u00a0\u00bb1\/1&Prime; uncode_shortcode_id=\u00a0\u00bb250903&Prime; column_width_pixel=\u00a0\u00bb850&Prime;][vc_single_image media=\u00a0\u00bb113297&Prime; media_width_use_pixel=\u00a0\u00bbyes\u00a0\u00bb alignment=\u00a0\u00bbcenter\u00a0\u00bb uncode_shortcode_id=\u00a0\u00bb900222&Prime; media_width_pixel=\u00a0\u00bb150&Prime;][vc_empty_space empty_h=\u00a0\u00bb1&Prime;][vc_column_text uncode_shortcode_id=\u00a0\u00bb430728&Prime;]\u00a0\u00bbLitostroj Hydro a \u00e9t\u00e9 un partenaire excellent et pr\u00e9cieux dans la remise \u00e0 neuf de la centrale \u00e9lectrique Hull 2 de Portage Power. Litostroj s&rsquo;est charg\u00e9 d&rsquo;un travail difficile comprenant la remise \u00e0 neuf d&rsquo;une unit\u00e9 quadruple camelback francis, d&rsquo;une unit\u00e9 kaplan et le rembobinage de deux g\u00e9n\u00e9rateurs. Le projet a \u00e9t\u00e9 compliqu\u00e9 par une inondation centennale et la pand\u00e9mie de COVID-19, mais nous avons travaill\u00e9 ensemble pour surmonter les probl\u00e8mes que ces \u00e9v\u00e9nements ont introduits. Nous avons \u00e9t\u00e9 ravis de la fa\u00e7on dont Litostroj s&rsquo;est surpass\u00e9 et a agi dans le meilleur int\u00e9r\u00eat du projet tout au long du projet.<\/p>\n<p>Je me r\u00e9jouis de travailler avec Litostroj Hydro sur de futurs projets.\u00a0\u00bb<\/p>\n<p><span class=\"testimonial-author\"><strong>JEFF YOUNG<\/strong> \u2014 P.Eng, Portage Power<\/span>[\/vc_column_text][\/vc_column_inner][\/vc_row_inner][\/uncode_slider][\/vc_column][\/vc_row][vc_row row_height_percent=\u00a0\u00bb0&Prime; override_padding=\u00a0\u00bbyes\u00a0\u00bb h_padding=\u00a0\u00bb2&Prime; top_padding=\u00a0\u00bb0&Prime; bottom_padding=\u00a0\u00bb4&Prime; overlay_alpha=\u00a0\u00bb50&Prime; gutter_size=\u00a0\u00bb3&Prime; column_width_percent=\u00a0\u00bb100&Prime; shift_y=\u00a0\u00bb0&Prime; z_index=\u00a0\u00bb0&Prime; uncode_shortcode_id=\u00a0\u00bb268421&Prime;][vc_column column_width_percent=\u00a0\u00bb100&Prime; position_vertical=\u00a0\u00bbmiddle\u00a0\u00bb align_horizontal=\u00a0\u00bbalign_center\u00a0\u00bb gutter_size=\u00a0\u00bb3&Prime; overlay_alpha=\u00a0\u00bb50&Prime; shift_x=\u00a0\u00bb0&Prime; shift_y=\u00a0\u00bb0&Prime; shift_y_down=\u00a0\u00bb0&Prime; z_index=\u00a0\u00bb0&Prime; medium_width=\u00a0\u00bb0&Prime; mobile_width=\u00a0\u00bb0&Prime; width=\u00a0\u00bb1\/1&Prime; uncode_shortcode_id=\u00a0\u00bb465840&Prime;][vc_button button_color=\u00a0\u00bbaccent\u00a0\u00bb size=\u00a0\u00bbbtn-lg\u00a0\u00bb border_width=\u00a0\u00bb0&Prime; icon_position=\u00a0\u00bbright\u00a0\u00bb link=\u00a0\u00bburl:https%3A%2F%2Flitostrojhydro.ca%2Ffr%2Fnouvelles%2F|title:Nouvelles|\u00a0\u00bb button_color_type=\u00a0\u00bbuncode-palette\u00a0\u00bb uncode_shortcode_id=\u00a0\u00bb203579&Prime; icon=\u00a0\u00bbfa fa-arrow-right-thick\u00a0\u00bb]Nouvelles[\/vc_button][\/vc_column][\/vc_row]<\/p>\n","protected":false},"excerpt":{"rendered":"<p>[vc_row row_height_percent=\u00a0\u00bb0&Prime; override_padding=\u00a0\u00bbyes\u00a0\u00bb h_padding=\u00a0\u00bb2&Prime; top_padding=\u00a0\u00bb4&Prime; bottom_padding=\u00a0\u00bb2&Prime; back_color=\u00a0\u00bbcolor-lxmt\u00a0\u00bb overlay_alpha=\u00a0\u00bb50&Prime; gutter_size=\u00a0\u00bb3&Prime; column_width_percent=\u00a0\u00bb100&Prime; shift_y=\u00a0\u00bb0&Prime; z_index=\u00a0\u00bb0&Prime; uncode_shortcode_id=\u00a0\u00bb201361&Prime; back_color_type=\u00a0\u00bbuncode-palette\u00a0\u00bb][vc_column column_width_use_pixel=\u00a0\u00bbyes\u00a0\u00bb align_horizontal=\u00a0\u00bbalign_center\u00a0\u00bb gutter_size=\u00a0\u00bb2&Prime; overlay_alpha=\u00a0\u00bb50&Prime; shift_x=\u00a0\u00bb0&Prime; shift_y=\u00a0\u00bb0&Prime; [&hellip;]<\/p>\n","protected":false},"author":5,"featured_media":0,"parent":0,"menu_order":0,"comment_status":"closed","ping_status":"closed","template":"","meta":{"footnotes":""},"class_list":["post-113913","page","type-page","status-publish","hentry"],"yoast_head":"<!-- This site is optimized with the Yoast SEO plugin v24.2 - https:\/\/yoast.com\/wordpress\/plugins\/seo\/ -->\n<title>Projets - Litostroj Hydro | Hydro Power<\/title>\n<meta name=\"description\" content=\"Explorez le portefeuille diversifi\u00e9 de projets hydro\u00e9lectriques de Litostroj Hydro. Nous nous engageons \u00e0 atteindre tous les objectifs commerciaux de nos clients.\" \/>\n<meta name=\"robots\" content=\"index, follow, max-snippet:-1, max-image-preview:large, max-video-preview:-1\" \/>\n<link rel=\"canonical\" href=\"https:\/\/litostrojhydro.ca\/fr\/projets\/\" \/>\n<meta property=\"og:locale\" content=\"fr_FR\" \/>\n<meta property=\"og:type\" content=\"article\" \/>\n<meta property=\"og:title\" content=\"Projets - Litostroj Hydro | Hydro Power\" \/>\n<meta property=\"og:description\" content=\"Explorez le portefeuille diversifi\u00e9 de projets hydro\u00e9lectriques de Litostroj Hydro. Nous nous engageons \u00e0 atteindre tous les objectifs commerciaux de nos clients.\" \/>\n<meta property=\"og:url\" content=\"https:\/\/litostrojhydro.ca\/fr\/projets\/\" \/>\n<meta property=\"og:site_name\" content=\"Litostroj Hydro | Hydro Power\" \/>\n<meta property=\"article:modified_time\" content=\"2024-02-05T21:06:11+00:00\" \/>\n<meta property=\"og:image\" content=\"https:\/\/litostrojhydro.ca\/wp-content\/uploads\/2023\/05\/litostroj-hydro.jpg\" \/>\n\t<meta property=\"og:image:width\" content=\"1200\" \/>\n\t<meta property=\"og:image:height\" content=\"675\" \/>\n\t<meta property=\"og:image:type\" content=\"image\/jpeg\" \/>\n<meta name=\"twitter:card\" content=\"summary_large_image\" \/>\n<meta name=\"twitter:label1\" content=\"Dur\u00e9e de lecture estim\u00e9e\" \/>\n\t<meta name=\"twitter:data1\" content=\"3 minutes\" \/>\n<script type=\"application\/ld+json\" class=\"yoast-schema-graph\">{\"@context\":\"https:\/\/schema.org\",\"@graph\":[{\"@type\":\"WebPage\",\"@id\":\"https:\/\/litostrojhydro.ca\/fr\/projets\/\",\"url\":\"https:\/\/litostrojhydro.ca\/fr\/projets\/\",\"name\":\"Projets - Litostroj Hydro | Hydro Power\",\"isPartOf\":{\"@id\":\"https:\/\/litostrojhydro.ca\/fr\/#website\"},\"datePublished\":\"2023-05-30T06:41:47+00:00\",\"dateModified\":\"2024-02-05T21:06:11+00:00\",\"description\":\"Explorez le portefeuille diversifi\u00e9 de projets hydro\u00e9lectriques de Litostroj Hydro. Nous nous engageons \u00e0 atteindre tous les objectifs commerciaux de nos clients.\",\"breadcrumb\":{\"@id\":\"https:\/\/litostrojhydro.ca\/fr\/projets\/#breadcrumb\"},\"inLanguage\":\"fr-FR\",\"potentialAction\":[{\"@type\":\"ReadAction\",\"target\":[\"https:\/\/litostrojhydro.ca\/fr\/projets\/\"]}]},{\"@type\":\"BreadcrumbList\",\"@id\":\"https:\/\/litostrojhydro.ca\/fr\/projets\/#breadcrumb\",\"itemListElement\":[{\"@type\":\"ListItem\",\"position\":1,\"name\":\"Home\",\"item\":\"https:\/\/litostrojhydro.ca\/fr\/\"},{\"@type\":\"ListItem\",\"position\":2,\"name\":\"Projets\"}]},{\"@type\":\"WebSite\",\"@id\":\"https:\/\/litostrojhydro.ca\/fr\/#website\",\"url\":\"https:\/\/litostrojhydro.ca\/fr\/\",\"name\":\"Litostroj Hydro | Hydro Power\",\"description\":\"\",\"publisher\":{\"@id\":\"https:\/\/litostrojhydro.ca\/fr\/#organization\"},\"potentialAction\":[{\"@type\":\"SearchAction\",\"target\":{\"@type\":\"EntryPoint\",\"urlTemplate\":\"https:\/\/litostrojhydro.ca\/fr\/?s={search_term_string}\"},\"query-input\":{\"@type\":\"PropertyValueSpecification\",\"valueRequired\":true,\"valueName\":\"search_term_string\"}}],\"inLanguage\":\"fr-FR\"},{\"@type\":\"Organization\",\"@id\":\"https:\/\/litostrojhydro.ca\/fr\/#organization\",\"name\":\"Litostroj Hydro | Hydro Power\",\"url\":\"https:\/\/litostrojhydro.ca\/fr\/\",\"logo\":{\"@type\":\"ImageObject\",\"inLanguage\":\"fr-FR\",\"@id\":\"https:\/\/litostrojhydro.ca\/fr\/#\/schema\/logo\/image\/\",\"url\":\"http:\/\/litostrojhydro.ca\/wp-content\/uploads\/2023\/05\/litostroj-hydro-logo-00.png\",\"contentUrl\":\"http:\/\/litostrojhydro.ca\/wp-content\/uploads\/2023\/05\/litostroj-hydro-logo-00.png\",\"width\":696,\"height\":696,\"caption\":\"Litostroj Hydro | Hydro Power\"},\"image\":{\"@id\":\"https:\/\/litostrojhydro.ca\/fr\/#\/schema\/logo\/image\/\"}}]}<\/script>\n<!-- \/ Yoast SEO plugin. -->","yoast_head_json":{"title":"Projets - Litostroj Hydro | Hydro Power","description":"Explorez le portefeuille diversifi\u00e9 de projets hydro\u00e9lectriques de Litostroj Hydro. Nous nous engageons \u00e0 atteindre tous les objectifs commerciaux de nos clients.","robots":{"index":"index","follow":"follow","max-snippet":"max-snippet:-1","max-image-preview":"max-image-preview:large","max-video-preview":"max-video-preview:-1"},"canonical":"https:\/\/litostrojhydro.ca\/fr\/projets\/","og_locale":"fr_FR","og_type":"article","og_title":"Projets - Litostroj Hydro | Hydro Power","og_description":"Explorez le portefeuille diversifi\u00e9 de projets hydro\u00e9lectriques de Litostroj Hydro. Nous nous engageons \u00e0 atteindre tous les objectifs commerciaux de nos clients.","og_url":"https:\/\/litostrojhydro.ca\/fr\/projets\/","og_site_name":"Litostroj Hydro | Hydro Power","article_modified_time":"2024-02-05T21:06:11+00:00","og_image":[{"width":1200,"height":675,"url":"https:\/\/litostrojhydro.ca\/wp-content\/uploads\/2023\/05\/litostroj-hydro.jpg","type":"image\/jpeg"}],"twitter_card":"summary_large_image","twitter_misc":{"Dur\u00e9e de lecture estim\u00e9e":"3 minutes"},"schema":{"@context":"https:\/\/schema.org","@graph":[{"@type":"WebPage","@id":"https:\/\/litostrojhydro.ca\/fr\/projets\/","url":"https:\/\/litostrojhydro.ca\/fr\/projets\/","name":"Projets - Litostroj Hydro | Hydro Power","isPartOf":{"@id":"https:\/\/litostrojhydro.ca\/fr\/#website"},"datePublished":"2023-05-30T06:41:47+00:00","dateModified":"2024-02-05T21:06:11+00:00","description":"Explorez le portefeuille diversifi\u00e9 de projets hydro\u00e9lectriques de Litostroj Hydro. Nous nous engageons \u00e0 atteindre tous les objectifs commerciaux de nos clients.","breadcrumb":{"@id":"https:\/\/litostrojhydro.ca\/fr\/projets\/#breadcrumb"},"inLanguage":"fr-FR","potentialAction":[{"@type":"ReadAction","target":["https:\/\/litostrojhydro.ca\/fr\/projets\/"]}]},{"@type":"BreadcrumbList","@id":"https:\/\/litostrojhydro.ca\/fr\/projets\/#breadcrumb","itemListElement":[{"@type":"ListItem","position":1,"name":"Home","item":"https:\/\/litostrojhydro.ca\/fr\/"},{"@type":"ListItem","position":2,"name":"Projets"}]},{"@type":"WebSite","@id":"https:\/\/litostrojhydro.ca\/fr\/#website","url":"https:\/\/litostrojhydro.ca\/fr\/","name":"Litostroj Hydro | Hydro Power","description":"","publisher":{"@id":"https:\/\/litostrojhydro.ca\/fr\/#organization"},"potentialAction":[{"@type":"SearchAction","target":{"@type":"EntryPoint","urlTemplate":"https:\/\/litostrojhydro.ca\/fr\/?s={search_term_string}"},"query-input":{"@type":"PropertyValueSpecification","valueRequired":true,"valueName":"search_term_string"}}],"inLanguage":"fr-FR"},{"@type":"Organization","@id":"https:\/\/litostrojhydro.ca\/fr\/#organization","name":"Litostroj Hydro | Hydro Power","url":"https:\/\/litostrojhydro.ca\/fr\/","logo":{"@type":"ImageObject","inLanguage":"fr-FR","@id":"https:\/\/litostrojhydro.ca\/fr\/#\/schema\/logo\/image\/","url":"http:\/\/litostrojhydro.ca\/wp-content\/uploads\/2023\/05\/litostroj-hydro-logo-00.png","contentUrl":"http:\/\/litostrojhydro.ca\/wp-content\/uploads\/2023\/05\/litostroj-hydro-logo-00.png","width":696,"height":696,"caption":"Litostroj Hydro | Hydro Power"},"image":{"@id":"https:\/\/litostrojhydro.ca\/fr\/#\/schema\/logo\/image\/"}}]}},"_links":{"self":[{"href":"https:\/\/litostrojhydro.ca\/fr\/wp-json\/wp\/v2\/pages\/113913","targetHints":{"allow":["GET"]}}],"collection":[{"href":"https:\/\/litostrojhydro.ca\/fr\/wp-json\/wp\/v2\/pages"}],"about":[{"href":"https:\/\/litostrojhydro.ca\/fr\/wp-json\/wp\/v2\/types\/page"}],"author":[{"embeddable":true,"href":"https:\/\/litostrojhydro.ca\/fr\/wp-json\/wp\/v2\/users\/5"}],"replies":[{"embeddable":true,"href":"https:\/\/litostrojhydro.ca\/fr\/wp-json\/wp\/v2\/comments?post=113913"}],"version-history":[{"count":21,"href":"https:\/\/litostrojhydro.ca\/fr\/wp-json\/wp\/v2\/pages\/113913\/revisions"}],"predecessor-version":[{"id":114565,"href":"https:\/\/litostrojhydro.ca\/fr\/wp-json\/wp\/v2\/pages\/113913\/revisions\/114565"}],"wp:attachment":[{"href":"https:\/\/litostrojhydro.ca\/fr\/wp-json\/wp\/v2\/media?parent=113913"}],"curies":[{"name":"wp","href":"https:\/\/api.w.org\/{rel}","templated":true}]}}