{"id":114060,"date":"2023-06-01T03:27:45","date_gmt":"2023-06-01T07:27:45","guid":{"rendered":"https:\/\/litostroj.webivores.com\/vie-privee\/"},"modified":"2023-07-13T22:17:49","modified_gmt":"2023-07-14T02:17:49","slug":"vie-privee","status":"publish","type":"page","link":"https:\/\/litostrojhydro.ca\/fr\/vie-privee\/","title":{"rendered":"Vie priv\u00e9e"},"content":{"rendered":"<p>[vc_row row_height_percent=\u00a0\u00bb0&Prime; override_padding=\u00a0\u00bbyes\u00a0\u00bb h_padding=\u00a0\u00bb2&Prime; top_padding=\u00a0\u00bb5&Prime; bottom_padding=\u00a0\u00bb2&Prime; overlay_alpha=\u00a0\u00bb50&Prime; gutter_size=\u00a0\u00bb3&Prime; column_width_percent=\u00a0\u00bb100&Prime; shift_y=\u00a0\u00bb0&Prime; z_index=\u00a0\u00bb0&Prime; uncode_shortcode_id=\u00a0\u00bb124619&Prime; shape_dividers=\u00a0\u00bb\u00a0\u00bb][vc_column column_width_percent=\u00a0\u00bb100&Prime; gutter_size=\u00a0\u00bb3&Prime; override_padding=\u00a0\u00bbyes\u00a0\u00bb column_padding=\u00a0\u00bb3&Prime; overlay_alpha=\u00a0\u00bb50&Prime; preserve_border=\u00a0\u00bbyes\u00a0\u00bb preserve_border_tablet=\u00a0\u00bbyes\u00a0\u00bb preserve_border_mobile=\u00a0\u00bbyes\u00a0\u00bb border_color=\u00a0\u00bbcolor-uydo\u00a0\u00bb border_style=\u00a0\u00bbsolid\u00a0\u00bb shift_x=\u00a0\u00bb0&Prime; shift_y=\u00a0\u00bb0&Prime; shift_y_down=\u00a0\u00bb0&Prime; z_index=\u00a0\u00bb0&Prime; medium_width=\u00a0\u00bb0&Prime; mobile_width=\u00a0\u00bb0&Prime; width=\u00a0\u00bb1\/1&Prime; uncode_shortcode_id=\u00a0\u00bb106843&Prime; border_color_type=\u00a0\u00bbuncode-palette\u00a0\u00bb css=\u00a0\u00bb.vc_custom_1685582948820{border-top-width: 1px !important;border-right-width: 1px !important;border-bottom-width: 1px !important;border-left-width: 1px !important;}\u00a0\u00bb][vc_column_text uncode_shortcode_id=\u00a0\u00bb958966&Prime;]<\/p>\n<h3>Protection des renseignements personnels<\/h3>\n<p>Vos renseignements personnels sont importants pour nous et nous nous engageons \u00e0 les prot\u00e9ger. Avant d&rsquo;utiliser notre site Web, nous vous demandons de lire attentivement notre politique de confidentialit\u00e9. Si vous n&rsquo;\u00eates pas en accord avec cette politique, nous vous invitons \u00e0 quitter ce site Web et \u00e0 ne pas l\u2019utiliser. Cette politique de confidentialit\u00e9 r\u00e9git votre utilisation du site Web et s&rsquo;applique \u00e0 toute information personnelle que vous pourriez y soumettre. En soumettant vos informations personnelles sur le site Web, vous acceptez d&rsquo;\u00eatre li\u00e9 par les termes de cette politique de confidentialit\u00e9.<\/p>\n<p>Pour toutes questions concernant la protection de vos renseignements personnels, n&rsquo;h\u00e9sitez pas \u00e0 contacter notre responsable de la protection des donn\u00e9es personnelles:<\/p>\n<p>&nbsp;<\/p>\n<h3>Directrice des affaires juridiques<\/h3>\n<p>Litostroj Hydro Inc.<\/p>\n<p>45 Pacifique E, Bromont (Qu\u00e9bec) J2L 1J4 Canada<\/p>\n<p>Courriel: <a href=\"mailto:privacy@litostrojhydro.ca\">privacy@litostrojhydro.ca<\/a>[\/vc_column_text][\/vc_column][\/vc_row][vc_row row_height_percent=\u00a0\u00bb0&Prime; override_padding=\u00a0\u00bbyes\u00a0\u00bb h_padding=\u00a0\u00bb2&Prime; top_padding=\u00a0\u00bb0&Prime; bottom_padding=\u00a0\u00bb5&Prime; overlay_alpha=\u00a0\u00bb50&Prime; gutter_size=\u00a0\u00bb3&Prime; column_width_percent=\u00a0\u00bb100&Prime; shift_y=\u00a0\u00bb0&Prime; z_index=\u00a0\u00bb0&Prime; uncode_shortcode_id=\u00a0\u00bb149962&Prime; shape_dividers=\u00a0\u00bb\u00a0\u00bb][vc_column column_width_percent=\u00a0\u00bb100&Prime; gutter_size=\u00a0\u00bb3&Prime; override_padding=\u00a0\u00bbyes\u00a0\u00bb column_padding=\u00a0\u00bb3&Prime; overlay_alpha=\u00a0\u00bb50&Prime; preserve_border=\u00a0\u00bbyes\u00a0\u00bb preserve_border_tablet=\u00a0\u00bbyes\u00a0\u00bb preserve_border_mobile=\u00a0\u00bbyes\u00a0\u00bb border_color=\u00a0\u00bbcolor-uydo\u00a0\u00bb border_style=\u00a0\u00bbsolid\u00a0\u00bb shift_x=\u00a0\u00bb0&Prime; shift_y=\u00a0\u00bb0&Prime; shift_y_down=\u00a0\u00bb0&Prime; z_index=\u00a0\u00bb0&Prime; medium_width=\u00a0\u00bb0&Prime; mobile_width=\u00a0\u00bb0&Prime; width=\u00a0\u00bb1\/1&Prime; uncode_shortcode_id=\u00a0\u00bb106843&Prime; border_color_type=\u00a0\u00bbuncode-palette\u00a0\u00bb css=\u00a0\u00bb.vc_custom_1685582948820{border-top-width: 1px !important;border-right-width: 1px !important;border-bottom-width: 1px !important;border-left-width: 1px !important;}\u00a0\u00bb][vc_column_text uncode_shortcode_id=\u00a0\u00bb183416&Prime;]<\/p>\n<h1>Politique de confidentialit\u00e9<\/h1>\n<p><strong>Introduction<\/strong><\/p>\n<p>Devant le d\u00e9veloppement des nouveaux outils de communication, il est n\u00e9cessaire de porter une attention particuli\u00e8re \u00e0 la protection de la vie priv\u00e9e. C\u2019est pourquoi, nous nous engageons \u00e0 respecter la confidentialit\u00e9 des renseignements personnels que nous collectons.<\/p>\n<h3>COLLECTE DES RENSEIGNEMENTS PERSONNELS<\/h3>\n<ul>\n<li>Pr\u00e9nom<\/li>\n<li>Adresse \u00e9lectronique<\/li>\n<li>Num\u00e9ro de t\u00e9l\u00e9phone \/ t\u00e9l\u00e9copieur<\/li>\n<\/ul>\n<p>Les renseignements personnels que nous collectons sont recueillis au travers de formulaires et gr\u00e2ce \u00e0 l\u2019interactivit\u00e9 \u00e9tablie entre vous et notre site Web. Nous utilisons \u00e9galement, comme indiqu\u00e9 dans la section suivante, des fichiers t\u00e9moins et\/ou journaux pour r\u00e9unir des informations vous concernant.<\/p>\n<h3>FORMULAIRES ET INTERACTIVIT\u00c9:<\/h3>\n<p>Vos renseignements personnels sont collect\u00e9s par le biais de formulaire, \u00e0 savoir :<\/p>\n<ul>\n<li>Formulaire d\u2019inscription au site Web<\/li>\n<\/ul>\n<p>Nous utilisons les renseignements ainsi collect\u00e9s pour les finalit\u00e9s suivantes :<\/p>\n<ul>\n<li>Informations \/ Offres promotionnelles<\/li>\n<li>Statistiques<\/li>\n<li>Contact<\/li>\n<\/ul>\n<p>Vos renseignements sont \u00e9galement collect\u00e9s par le biais de l\u2019interactivit\u00e9 pouvant s\u2019\u00e9tablir entre vous et notre site Web et ce, de la fa\u00e7on suivante:<\/p>\n<ul>\n<li>Commentaires<\/li>\n<li>Correspondance<\/li>\n<\/ul>\n<p>Nous utilisons les renseignements ainsi collect\u00e9s pour les finalit\u00e9s suivantes :<\/p>\n<ul>\n<li>Informations ou pour des offres promotionnelles<\/li>\n<li>Statistiques<\/li>\n<li>Contact<\/li>\n<\/ul>\n<h3>DROIT D\u2019OPPOSITION ET DE RETRAIT<\/h3>\n<p>Nous nous engageons \u00e0 vous offrir un droit d\u2019opposition et de retrait quant \u00e0 vos renseignements personnels.<\/p>\n<p>Le droit d\u2019opposition s\u2019entend comme \u00e9tant la possiblit\u00e9 offerte aux internautes de refuser que leurs renseignements personnels soient utilis\u00e9es \u00e0 certaines fins mentionn\u00e9es lors de la collecte.<\/p>\n<p>Le droit de retrait s\u2019entend comme \u00e9tant la possiblit\u00e9 offerte aux internautes de demander \u00e0 ce que leurs renseignements personnels ne figurent plus, par exemple, dans une liste de diffusion.<\/p>\n<p><strong>Pour pouvoir exercer ces droits, vous pouvez :<\/strong><\/p>\n<p>Code postal : J2L 1J4<br \/>\nCourriel : info@litohydro.ca<br \/>\nT\u00e9l\u00e9phone : (450) 534-2929<br \/>\nSection du site web : Contact<\/p>\n<h3>DROIT D\u2019ACC\u00c8S<\/h3>\n<p>Nous nous engageons \u00e0 reconna\u00eetre un droit d\u2019acc\u00e8s et de rectification aux personnes concern\u00e9es d\u00e9sireuses de consulter, modifier, voire radier les informations les concernant.<\/p>\n<p><strong>L\u2019exercice de ce droit se fera :<\/strong><\/p>\n<p>Code postal : J2L 1J4<br \/>\nCourriel : INFO@LITOHYDRO.CA<br \/>\nT\u00e9l\u00e9phone : (450) 534-2929<br \/>\nSection du site web : Contact<\/p>\n<h3>S\u00c9CURIT\u00c9<\/h3>\n<p>Les renseignements personnels que nous collectons sont conserv\u00e9s dans un environnement s\u00e9curis\u00e9. Les personnes travaillant pour nous sont tenues de respecter la confidentialit\u00e9 de vos informations.<\/p>\n<p>Pour assurer la s\u00e9curit\u00e9 de vos renseignements personnels, nous avons recours aux mesures suivantes :<\/p>\n<ul>\n<li>Protocole SSL<\/li>\n<li>Logiciel de surveillance du r\u00e9seau<\/li>\n<li>Sauvegarde informatique<\/li>\n<li>Pare-feu<\/li>\n<\/ul>\n<p>Nous nous engageons \u00e0 maintenir un haut degr\u00e9 de confidentialit\u00e9 en int\u00e9grant les derni\u00e8res innovations technologiques permettant d\u2019assurer la confidentialit\u00e9 de vos transactions. Toutefois, comme aucun m\u00e9canisme n\u2019offre une s\u00e9curit\u00e9 maximale, une part de risque est toujours pr\u00e9sente lorsque l\u2019on utilise Internet pour transmettre des renseignements personnels.<\/p>\n<h3>L\u00c9GISLATION<\/h3>\n<p>Nous nous engageons \u00e0 respecter les dispositions l\u00e9gislatives \u00e9nonc\u00e9es dans :<\/p>\n<p>Nous nous engageons \u00e0 respecter les dispositions l\u00e9gislatives \u00e9nonc\u00e9es dans la l\u00e9gislation provinciale et f\u00e9d\u00e9rale canadienne.<\/p>\n<p><strong>G\u00e9n\u00e9rateur de politique de confidentialit\u00e9 \/ <a href=\"https:\/\/www.politiquedeconfidentialite.ca\/\" target=\"_blank\" rel=\"noopener\">Politique de confidentialit\u00e9<\/a><\/strong><\/p>\n<p>&nbsp;<\/p>\n<p><strong>\u200dFichiers t\u00e9moins (Cookies)<\/strong><\/p>\n<p>\u200dSi vous d\u00e9posez un commentaire sur notre site, il vous sera propos\u00e9 d\u2019enregistrer votre nom, adresse de messagerie et site Web dans des cookies. C\u2019est uniquement pour votre confort afin de ne pas avoir \u00e0 saisir ces informations si vous d\u00e9posez un autre commentaire plus tard. Ces cookies expirent au bout d\u2019un an.<\/p>\n<p>Si vous avez un compte et que vous vous connectez sur ce site, un cookie temporaire sera cr\u00e9\u00e9 afin de d\u00e9terminer si votre navigateur accepte les cookies. Il ne contient pas de donn\u00e9es personnelles et sera supprim\u00e9 automatiquement \u00e0 la fermeture de votre navigateur.<\/p>\n<p>Lorsque vous vous connecterez, nous mettrons en place un certain nombre de cookies pour enregistrer vos informations de connexion et vos pr\u00e9f\u00e9rences d\u2019\u00e9cran. La dur\u00e9e de vie d\u2019un cookie de connexion est de deux jours, celle d\u2019un cookie d\u2019option d\u2019\u00e9cran est d\u2019un an.<\/p>\n<p>Si vous cochez \u00ab Se souvenir de moi \u00bb, votre cookie de connexion sera conserv\u00e9 pendant deux semaines. Si vous vous d\u00e9connectez de votre compte, le cookie de connexion sera effac\u00e9.<\/p>\n<p>En modifiant ou en publiant un article, un cookie suppl\u00e9mentaire sera enregistr\u00e9 dans votre navigateur. Ce cookie ne comprend aucune donn\u00e9e personnelle. Il indique simplement l\u2019identifiant de l\u2019article que vous venez de modifier. Il expire au bout d\u2019un jour.<\/p>\n<p>&nbsp;<\/p>\n<p><strong>\u200dChangements sans pr\u00e9avis<\/strong><\/p>\n<p>\u200dIl est \u00e0 noter que les conditions d\u2019utilisation sont dynamiques et sujettes \u00e0 changement \u00e0 tout moment et sans pr\u00e9avis.<\/p>\n<p>&nbsp;<\/p>\n<p><strong>Langue de traduction<\/strong><\/p>\n<p>\u200dLa version fran\u00e7aise pr\u00e9vaut sur toute autre traduction des conditions d\u2019utilisation, et ce, afin d\u2019\u00e9viter toute interpr\u00e9tation disparate entre les deux versions.<\/p>\n<p>&nbsp;<\/p>\n<p><strong>\u200dContact<\/strong><\/p>\n<p>\u200dPour toute question, veuillez communiquer avec nous \u00e0 info@litohydro.ca<\/p>\n<p>&nbsp;<\/p>\n<p><em>\u200dVeuillez noter que le genre masculin est utilis\u00e9 dans ce document dans le seul but d\u2019all\u00e9ger le texte.<\/em>[\/vc_column_text][\/vc_column][\/vc_row]<\/p>\n","protected":false},"excerpt":{"rendered":"<p>[vc_row row_height_percent=\u00a0\u00bb0&Prime; override_padding=\u00a0\u00bbyes\u00a0\u00bb h_padding=\u00a0\u00bb2&Prime; top_padding=\u00a0\u00bb5&Prime; bottom_padding=\u00a0\u00bb2&Prime; overlay_alpha=\u00a0\u00bb50&Prime; gutter_size=\u00a0\u00bb3&Prime; column_width_percent=\u00a0\u00bb100&Prime; shift_y=\u00a0\u00bb0&Prime; z_index=\u00a0\u00bb0&Prime; uncode_shortcode_id=\u00a0\u00bb124619&Prime; shape_dividers=\u00a0\u00bb\u00a0\u00bb][vc_column column_width_percent=\u00a0\u00bb100&Prime; gutter_size=\u00a0\u00bb3&Prime; override_padding=\u00a0\u00bbyes\u00a0\u00bb column_padding=\u00a0\u00bb3&Prime; overlay_alpha=\u00a0\u00bb50&Prime; preserve_border=\u00a0\u00bbyes\u00a0\u00bb preserve_border_tablet=\u00a0\u00bbyes\u00a0\u00bb [&hellip;]<\/p>\n","protected":false},"author":5,"featured_media":113810,"parent":0,"menu_order":0,"comment_status":"closed","ping_status":"closed","template":"","meta":{"footnotes":""},"class_list":["post-114060","page","type-page","status-publish","has-post-thumbnail","hentry"],"yoast_head":"<!-- This site is optimized with the Yoast SEO plugin v24.2 - https:\/\/yoast.com\/wordpress\/plugins\/seo\/ -->\n<title>Vie priv\u00e9e - Litostroj Hydro | Hydro Power<\/title>\n<meta name=\"robots\" content=\"index, follow, max-snippet:-1, max-image-preview:large, max-video-preview:-1\" \/>\n<link rel=\"canonical\" href=\"https:\/\/litostrojhydro.ca\/fr\/vie-privee\/\" \/>\n<meta property=\"og:locale\" content=\"fr_FR\" \/>\n<meta property=\"og:type\" content=\"article\" \/>\n<meta property=\"og:title\" content=\"Vie priv\u00e9e - Litostroj Hydro | Hydro Power\" \/>\n<meta property=\"og:description\" content=\"[vc_row row_height_percent=\u00a0\u00bb0&Prime; override_padding=\u00a0\u00bbyes\u00a0\u00bb h_padding=\u00a0\u00bb2&Prime; top_padding=\u00a0\u00bb5&Prime; bottom_padding=\u00a0\u00bb2&Prime; overlay_alpha=\u00a0\u00bb50&Prime; gutter_size=\u00a0\u00bb3&Prime; column_width_percent=\u00a0\u00bb100&Prime; shift_y=\u00a0\u00bb0&Prime; z_index=\u00a0\u00bb0&Prime; uncode_shortcode_id=\u00a0\u00bb124619&Prime; shape_dividers=\u00a0\u00bb\u00a0\u00bb][vc_column column_width_percent=\u00a0\u00bb100&Prime; gutter_size=\u00a0\u00bb3&Prime; override_padding=\u00a0\u00bbyes\u00a0\u00bb column_padding=\u00a0\u00bb3&Prime; overlay_alpha=\u00a0\u00bb50&Prime; preserve_border=\u00a0\u00bbyes\u00a0\u00bb preserve_border_tablet=\u00a0\u00bbyes\u00a0\u00bb [&hellip;]\" \/>\n<meta property=\"og:url\" content=\"https:\/\/litostrojhydro.ca\/fr\/vie-privee\/\" \/>\n<meta property=\"og:site_name\" content=\"Litostroj Hydro | Hydro Power\" \/>\n<meta property=\"article:modified_time\" content=\"2023-07-14T02:17:49+00:00\" \/>\n<meta property=\"og:image\" content=\"https:\/\/litostrojhydro.ca\/wp-content\/uploads\/2023\/05\/contact-1.jpg\" \/>\n\t<meta property=\"og:image:width\" content=\"2000\" \/>\n\t<meta property=\"og:image:height\" content=\"1335\" \/>\n\t<meta property=\"og:image:type\" content=\"image\/jpeg\" \/>\n<meta name=\"twitter:card\" content=\"summary_large_image\" \/>\n<meta name=\"twitter:label1\" content=\"Dur\u00e9e de lecture estim\u00e9e\" \/>\n\t<meta name=\"twitter:data1\" content=\"6 minutes\" \/>\n<script type=\"application\/ld+json\" class=\"yoast-schema-graph\">{\"@context\":\"https:\/\/schema.org\",\"@graph\":[{\"@type\":\"WebPage\",\"@id\":\"https:\/\/litostrojhydro.ca\/fr\/vie-privee\/\",\"url\":\"https:\/\/litostrojhydro.ca\/fr\/vie-privee\/\",\"name\":\"Vie priv\u00e9e - Litostroj Hydro | Hydro Power\",\"isPartOf\":{\"@id\":\"https:\/\/litostrojhydro.ca\/fr\/#website\"},\"primaryImageOfPage\":{\"@id\":\"https:\/\/litostrojhydro.ca\/fr\/vie-privee\/#primaryimage\"},\"image\":{\"@id\":\"https:\/\/litostrojhydro.ca\/fr\/vie-privee\/#primaryimage\"},\"thumbnailUrl\":\"https:\/\/litostrojhydro.ca\/wp-content\/uploads\/2023\/05\/contact-1.jpg\",\"datePublished\":\"2023-06-01T07:27:45+00:00\",\"dateModified\":\"2023-07-14T02:17:49+00:00\",\"breadcrumb\":{\"@id\":\"https:\/\/litostrojhydro.ca\/fr\/vie-privee\/#breadcrumb\"},\"inLanguage\":\"fr-FR\",\"potentialAction\":[{\"@type\":\"ReadAction\",\"target\":[\"https:\/\/litostrojhydro.ca\/fr\/vie-privee\/\"]}]},{\"@type\":\"ImageObject\",\"inLanguage\":\"fr-FR\",\"@id\":\"https:\/\/litostrojhydro.ca\/fr\/vie-privee\/#primaryimage\",\"url\":\"https:\/\/litostrojhydro.ca\/wp-content\/uploads\/2023\/05\/contact-1.jpg\",\"contentUrl\":\"https:\/\/litostrojhydro.ca\/wp-content\/uploads\/2023\/05\/contact-1.jpg\",\"width\":2000,\"height\":1335},{\"@type\":\"BreadcrumbList\",\"@id\":\"https:\/\/litostrojhydro.ca\/fr\/vie-privee\/#breadcrumb\",\"itemListElement\":[{\"@type\":\"ListItem\",\"position\":1,\"name\":\"Home\",\"item\":\"https:\/\/litostrojhydro.ca\/fr\/\"},{\"@type\":\"ListItem\",\"position\":2,\"name\":\"Vie priv\u00e9e\"}]},{\"@type\":\"WebSite\",\"@id\":\"https:\/\/litostrojhydro.ca\/fr\/#website\",\"url\":\"https:\/\/litostrojhydro.ca\/fr\/\",\"name\":\"Litostroj Hydro | Hydro Power\",\"description\":\"\",\"publisher\":{\"@id\":\"https:\/\/litostrojhydro.ca\/fr\/#organization\"},\"potentialAction\":[{\"@type\":\"SearchAction\",\"target\":{\"@type\":\"EntryPoint\",\"urlTemplate\":\"https:\/\/litostrojhydro.ca\/fr\/?s={search_term_string}\"},\"query-input\":{\"@type\":\"PropertyValueSpecification\",\"valueRequired\":true,\"valueName\":\"search_term_string\"}}],\"inLanguage\":\"fr-FR\"},{\"@type\":\"Organization\",\"@id\":\"https:\/\/litostrojhydro.ca\/fr\/#organization\",\"name\":\"Litostroj Hydro | Hydro Power\",\"url\":\"https:\/\/litostrojhydro.ca\/fr\/\",\"logo\":{\"@type\":\"ImageObject\",\"inLanguage\":\"fr-FR\",\"@id\":\"https:\/\/litostrojhydro.ca\/fr\/#\/schema\/logo\/image\/\",\"url\":\"http:\/\/litostrojhydro.ca\/wp-content\/uploads\/2023\/05\/litostroj-hydro-logo-00.png\",\"contentUrl\":\"http:\/\/litostrojhydro.ca\/wp-content\/uploads\/2023\/05\/litostroj-hydro-logo-00.png\",\"width\":696,\"height\":696,\"caption\":\"Litostroj Hydro | Hydro Power\"},\"image\":{\"@id\":\"https:\/\/litostrojhydro.ca\/fr\/#\/schema\/logo\/image\/\"}}]}<\/script>\n<!-- \/ Yoast SEO plugin. -->","yoast_head_json":{"title":"Vie priv\u00e9e - Litostroj Hydro | Hydro Power","robots":{"index":"index","follow":"follow","max-snippet":"max-snippet:-1","max-image-preview":"max-image-preview:large","max-video-preview":"max-video-preview:-1"},"canonical":"https:\/\/litostrojhydro.ca\/fr\/vie-privee\/","og_locale":"fr_FR","og_type":"article","og_title":"Vie priv\u00e9e - Litostroj Hydro | Hydro Power","og_description":"[vc_row row_height_percent=\u00a0\u00bb0&Prime; override_padding=\u00a0\u00bbyes\u00a0\u00bb h_padding=\u00a0\u00bb2&Prime; top_padding=\u00a0\u00bb5&Prime; bottom_padding=\u00a0\u00bb2&Prime; overlay_alpha=\u00a0\u00bb50&Prime; gutter_size=\u00a0\u00bb3&Prime; column_width_percent=\u00a0\u00bb100&Prime; shift_y=\u00a0\u00bb0&Prime; z_index=\u00a0\u00bb0&Prime; uncode_shortcode_id=\u00a0\u00bb124619&Prime; shape_dividers=\u00a0\u00bb\u00a0\u00bb][vc_column column_width_percent=\u00a0\u00bb100&Prime; gutter_size=\u00a0\u00bb3&Prime; override_padding=\u00a0\u00bbyes\u00a0\u00bb column_padding=\u00a0\u00bb3&Prime; overlay_alpha=\u00a0\u00bb50&Prime; preserve_border=\u00a0\u00bbyes\u00a0\u00bb preserve_border_tablet=\u00a0\u00bbyes\u00a0\u00bb [&hellip;]","og_url":"https:\/\/litostrojhydro.ca\/fr\/vie-privee\/","og_site_name":"Litostroj Hydro | Hydro Power","article_modified_time":"2023-07-14T02:17:49+00:00","og_image":[{"width":2000,"height":1335,"url":"https:\/\/litostrojhydro.ca\/wp-content\/uploads\/2023\/05\/contact-1.jpg","type":"image\/jpeg"}],"twitter_card":"summary_large_image","twitter_misc":{"Dur\u00e9e de lecture estim\u00e9e":"6 minutes"},"schema":{"@context":"https:\/\/schema.org","@graph":[{"@type":"WebPage","@id":"https:\/\/litostrojhydro.ca\/fr\/vie-privee\/","url":"https:\/\/litostrojhydro.ca\/fr\/vie-privee\/","name":"Vie priv\u00e9e - Litostroj Hydro | Hydro Power","isPartOf":{"@id":"https:\/\/litostrojhydro.ca\/fr\/#website"},"primaryImageOfPage":{"@id":"https:\/\/litostrojhydro.ca\/fr\/vie-privee\/#primaryimage"},"image":{"@id":"https:\/\/litostrojhydro.ca\/fr\/vie-privee\/#primaryimage"},"thumbnailUrl":"https:\/\/litostrojhydro.ca\/wp-content\/uploads\/2023\/05\/contact-1.jpg","datePublished":"2023-06-01T07:27:45+00:00","dateModified":"2023-07-14T02:17:49+00:00","breadcrumb":{"@id":"https:\/\/litostrojhydro.ca\/fr\/vie-privee\/#breadcrumb"},"inLanguage":"fr-FR","potentialAction":[{"@type":"ReadAction","target":["https:\/\/litostrojhydro.ca\/fr\/vie-privee\/"]}]},{"@type":"ImageObject","inLanguage":"fr-FR","@id":"https:\/\/litostrojhydro.ca\/fr\/vie-privee\/#primaryimage","url":"https:\/\/litostrojhydro.ca\/wp-content\/uploads\/2023\/05\/contact-1.jpg","contentUrl":"https:\/\/litostrojhydro.ca\/wp-content\/uploads\/2023\/05\/contact-1.jpg","width":2000,"height":1335},{"@type":"BreadcrumbList","@id":"https:\/\/litostrojhydro.ca\/fr\/vie-privee\/#breadcrumb","itemListElement":[{"@type":"ListItem","position":1,"name":"Home","item":"https:\/\/litostrojhydro.ca\/fr\/"},{"@type":"ListItem","position":2,"name":"Vie priv\u00e9e"}]},{"@type":"WebSite","@id":"https:\/\/litostrojhydro.ca\/fr\/#website","url":"https:\/\/litostrojhydro.ca\/fr\/","name":"Litostroj Hydro | Hydro Power","description":"","publisher":{"@id":"https:\/\/litostrojhydro.ca\/fr\/#organization"},"potentialAction":[{"@type":"SearchAction","target":{"@type":"EntryPoint","urlTemplate":"https:\/\/litostrojhydro.ca\/fr\/?s={search_term_string}"},"query-input":{"@type":"PropertyValueSpecification","valueRequired":true,"valueName":"search_term_string"}}],"inLanguage":"fr-FR"},{"@type":"Organization","@id":"https:\/\/litostrojhydro.ca\/fr\/#organization","name":"Litostroj Hydro | Hydro Power","url":"https:\/\/litostrojhydro.ca\/fr\/","logo":{"@type":"ImageObject","inLanguage":"fr-FR","@id":"https:\/\/litostrojhydro.ca\/fr\/#\/schema\/logo\/image\/","url":"http:\/\/litostrojhydro.ca\/wp-content\/uploads\/2023\/05\/litostroj-hydro-logo-00.png","contentUrl":"http:\/\/litostrojhydro.ca\/wp-content\/uploads\/2023\/05\/litostroj-hydro-logo-00.png","width":696,"height":696,"caption":"Litostroj Hydro | Hydro Power"},"image":{"@id":"https:\/\/litostrojhydro.ca\/fr\/#\/schema\/logo\/image\/"}}]}},"_links":{"self":[{"href":"https:\/\/litostrojhydro.ca\/fr\/wp-json\/wp\/v2\/pages\/114060","targetHints":{"allow":["GET"]}}],"collection":[{"href":"https:\/\/litostrojhydro.ca\/fr\/wp-json\/wp\/v2\/pages"}],"about":[{"href":"https:\/\/litostrojhydro.ca\/fr\/wp-json\/wp\/v2\/types\/page"}],"author":[{"embeddable":true,"href":"https:\/\/litostrojhydro.ca\/fr\/wp-json\/wp\/v2\/users\/5"}],"replies":[{"embeddable":true,"href":"https:\/\/litostrojhydro.ca\/fr\/wp-json\/wp\/v2\/comments?post=114060"}],"version-history":[{"count":4,"href":"https:\/\/litostrojhydro.ca\/fr\/wp-json\/wp\/v2\/pages\/114060\/revisions"}],"predecessor-version":[{"id":114335,"href":"https:\/\/litostrojhydro.ca\/fr\/wp-json\/wp\/v2\/pages\/114060\/revisions\/114335"}],"wp:featuredmedia":[{"embeddable":true,"href":"https:\/\/litostrojhydro.ca\/fr\/wp-json\/wp\/v2\/media\/113810"}],"wp:attachment":[{"href":"https:\/\/litostrojhydro.ca\/fr\/wp-json\/wp\/v2\/media?parent=114060"}],"curies":[{"name":"wp","href":"https:\/\/api.w.org\/{rel}","templated":true}]}}